{"id":28173,"date":"2025-12-06T11:26:20","date_gmt":"2025-12-06T10:26:20","guid":{"rendered":"https:\/\/www.mojaveplace.com\/?page_id=28173"},"modified":"2025-12-06T11:30:17","modified_gmt":"2025-12-06T10:30:17","slug":"cookies","status":"publish","type":"page","link":"https:\/\/www.mojaveplace.com\/en\/cookies\/","title":{"rendered":"Cookies policy"},"content":{"rendered":"\t\t<div data-elementor-type=\"wp-page\" data-elementor-id=\"28173\" class=\"elementor elementor-28173\" data-elementor-post-type=\"page\">\n\t\t\t\t<div class=\"elementor-element elementor-element-7dfb70bb e-flex e-con-boxed e-con e-parent\" data-id=\"7dfb70bb\" data-element_type=\"container\" data-e-type=\"container\">\n\t\t\t\t\t<div class=\"e-con-inner\">\n\t\t\t\t<div class=\"elementor-element elementor-element-7c950b83 elementor-widget elementor-widget-text-editor\" data-id=\"7c950b83\" data-element_type=\"widget\" data-e-type=\"widget\" data-widget_type=\"text-editor.default\">\n\t\t\t\t\t\t\t\t\tWelcome to the <strong>COOKIE POLICY<\/strong>\n\nof the website of the entity <b>MOJAVE PLACE<\/b>, with Tax ID number <b>21980678S<\/b>, where we will explain in clear and simple language all the necessary information so that you can control them based on your personal decisions.\n<h3><strong>WHAT ARE COOKIES AND WHAT DO WE USE THEM FOR?<\/strong><\/h3>\nA cookie is a small information file that is stored on your computer, smartphone, or tablet every time you visit our website. In principle, a cookie is harmless: it does not contain viruses, Trojans, worms, etc. that could damage your device, but it does have a certain impact on your right to the protection of your personal data, as it collects certain information about you (browsing habits, identity, preferences, etc.). That is why, based on the provisions of the applicable regulations (LSSI and current personal data protection regulations), the activation of certain types of cookies will require your prior authorization. Before doing so, we will provide you with some additional information that will help you make a better decision in this regard:\n<ol>\n     <li>There are several types of cookies depending on their purpose:<\/li>\n<\/ol>\n<ul>\n     <li>Technical cookies are necessary for our website to function, do not require your authorization, and are the only ones we have activated by default. <\/li>\n     <li>The rest of the cookies are used to improve our website, to personalize it based on your preferences, or to show you advertising tailored to your searches, tastes, and personal interests. You can accept all these cookies by clicking the <strong>ACCEPT<\/strong> button, or you can configure them or reject their use by clicking on the <strong>COOKIE SETTINGS<\/strong> section. <\/li>\n<\/ul>\n<ol start=\"2\">\n     <li>Some cookies are ours (we will refer to them as <strong>first-party cookies<\/strong>) and others belong to external companies that provide services for our website (we will refer to them as <strong>third-party cookies<\/strong>: an example would be cookies from external providers such as Google). In this regard, it is important to note that some of these external providers may be located outside of Spain. <\/li>\n<\/ol>\nGlobally, not all countries have the same level of data protection, with some countries being more secure than others (for example, the European Union is a secure environment for your data). Our policy is to use reliable providers who, regardless of whether or not they are located in the European Union, have adopted adequate safeguards for the protection of your personal information. However, in the section entitled <strong>WHAT TYPE OF COOKIES ARE CURRENTLY USED ON OUR WEBSITE?<\/strong>, you can consult the different privacy and data protection policies of each of the aforementioned external providers in order to make an informed decision about whether or not to activate the <strong>third-party cookies<\/strong> used by our website.\n<ol start=\"3\">\n     <li>Finally, depending on how long they remain active, cookies can be of two types:<\/li>\n<\/ol>\n<ul>\n     <li><strong>Session cookies:<\/strong> these expire automatically when you end your session on your computer, smartphone, or tablet. They are usually used to store the necessary information while providing you with a one-time service. <\/li>\n     <li><strong>Persistent cookies: <\/strong>they remain stored on your computer, smartphone, or tablet for a certain period of time, which can vary from a few minutes to several years. <\/li>\n<\/ul>\n<h3><strong>WHAT TYPES OF COOKIES DO WE USE ON OUR WEBSITE?<\/strong><\/h3>\n<h5>Technical cookies:<\/h5>\nTechnical cookies are strictly necessary for our website to function and for you to be able to browse it. These types of cookies are those that, for example, allow us to identify you, give you access to certain restricted parts of the site if necessary, or remember different options or services already selected by you, such as your privacy preferences. Therefore, <strong>they are enabled by default, and your authorization is not required<\/strong>. Through your browser settings, you can block or alert you to the presence of this type of cookie, although such blocking will affect the proper functioning of the various features of our website.\n<h5>Analysis Cookies:<\/h5>\nAnalysis cookies allow us to study the browsing habits of users of our website in general (for example, which sections of the site are most visited, which services are most used and whether they work correctly, etc.). Based on statistical information about browsing on our website, we can improve both the functioning of the site itself and the various services it offers.\nWelcome to the <strong>COOKIE POLICY<\/strong>\n\nof the website of the entity <b>INMOMAUREM<\/b>, with Tax ID number <b>55392228V<\/b>, where we will explain in clear and simple language all the necessary information so that you can control them based on your personal decisions.\n<h3><strong>WHAT ARE COOKIES AND WHAT DO WE USE THEM FOR?<\/strong><\/h3>\nA cookie is a small information file that is stored on your computer, smartphone, or tablet every time you visit our website. In principle, a cookie is harmless: it does not contain viruses, Trojans, worms, etc. that could damage your device, but it does have a certain impact on your right to the protection of your personal data, as it collects certain information about you (browsing habits, identity, preferences, etc.). That is why, based on the provisions of the applicable regulations (LSSI and current personal data protection regulations), the activation of certain types of cookies will require your prior authorization. Before doing so, we will provide you with some additional information that will help you make a better decision in this regard:\n<ol>\n     <li>There are several types of cookies depending on their purpose:<\/li>\n<\/ol>\n<ul>\n     <li>Technical cookies are necessary for our website to function, do not require your authorization, and are the only ones we have activated by default. <\/li>\n     <li>The rest of the cookies are used to improve our website, to personalize it based on your preferences, or to show you advertising tailored to your searches, tastes, and personal interests. You can accept all these cookies by clicking the <strong>ACCEPT<\/strong> button, or you can configure them or reject their use by clicking on the <strong>COOKIE SETTINGS<\/strong> section. <\/li>\n<\/ul>\n<ol start=\"2\">\n     <li>Some cookies are ours (we will refer to them as <strong>first-party cookies<\/strong>) and others belong to external companies that provide services for our website (we will refer to them as <strong>third-party cookies<\/strong>: an example would be cookies from external providers such as Google). In this regard, it is important to note that some of these external providers may be located outside of Spain. <\/li>\n<\/ol>\nGlobally, not all countries have the same level of data protection, with some countries being more secure than others (for example, the European Union is a secure environment for your data). Our policy is to use reliable providers who, regardless of whether or not they are located in the European Union, have adopted adequate safeguards for the protection of your personal information. However, in the section entitled <strong>WHAT TYPE OF COOKIES ARE CURRENTLY USED ON OUR WEBSITE?<\/strong>, you can consult the different privacy and data protection policies of each of the aforementioned external providers in order to make an informed decision about whether or not to activate the <strong>third-party cookies<\/strong> used by our website.\n<ol start=\"3\">\n     <li>Finally, depending on how long they remain active, cookies can be of two types:<\/li>\n<\/ol>\n<ul>\n     <li><strong>Session cookies:<\/strong> these expire automatically when you end your session on your computer, smartphone, or tablet. They are usually used to store the necessary information while providing you with a one-time service. <\/li>\n     <li><strong>Persistent cookies: <\/strong>they remain stored on your computer, smartphone, or tablet for a certain period of time, which can vary from a few minutes to several years. <\/li>\n<\/ul>\n<h3><strong>WHAT TYPES OF COOKIES DO WE USE ON OUR WEBSITE?<\/strong><\/h3>\n<h5>Technical cookies:<\/h5>\nTechnical cookies are strictly necessary for our website to function and for you to be able to browse it. These types of cookies are those that, for example, allow us to identify you, give you access to certain restricted parts of the site if necessary, or remember different options or services already selected by you, such as your privacy preferences. Therefore, <strong>they are enabled by default, and your authorization is not required<\/strong>. Through your browser settings, you can block or alert you to the presence of this type of cookie, although such blocking will affect the proper functioning of the various features of our website.\n<h5>Analysis Cookies:<\/h5>\nAnalysis cookies allow us to study the browsing habits of users of our website in general (for example, which sections of the site are most visited, which services are most used and whether they work correctly, etc.). Based on statistical information about browsing on our website, we can improve both the functioning of the site itself and the various services it offers.\n<h3><strong>\u00bfQU\u00c9 PUEDES HACER CON LAS COOKIES?<\/strong><\/h3>\nCuando accedes por primera vez a nuestra p\u00e1gina web, se te muestra una ventana en la que te informamos que las cookies pueden ser de varios tipos:\n<ul>\n \t<li>Las cookies t\u00e9cnicas son necesarias para que nuestra p\u00e1gina web pueda funcionar, no necesitan de tu autorizaci\u00f3n y son las \u00fanicas que tenemos activadas por defecto.<\/li>\n \t<li>El resto de cookies sirven para mejorar nuestra p\u00e1gina, para personalizarla en base a tus preferencias, o para poder mostrarte publicidad ajustada a tus b\u00fasquedas, gustos e intereses personales. Puedes aceptar todas estas cookies pulsando el bot\u00f3n <strong>ACEPTAR<\/strong> o configurarlas o rechazar su uso clicando en el apartado <strong>CONFIGURACI\u00d3N DE COOKIES<\/strong>.<\/li>\n<\/ul>\nInformarte tambi\u00e9n que, una vez que hayas activado cualquier tipo de cookies, tienes la posibilidad de desactivarlas en el momento que desees, con el simple paso de desmarcar la casilla correspondiente en el apartado <strong>CONFIGURACI\u00d3N DE COOKIES <\/strong>de nuestra p\u00e1gina web. Siempre ser\u00e1 tan sencillo para ti activar nuestras cookies propias como desactivarlas. Recordarte asimismo que, a trav\u00e9s de la configuraci\u00f3n de tu navegador, puedes bloquear o alertar de la presencia de cookies, si bien dicho bloqueo puede afectar al correcto funcionamiento de las distintas funcionalidades de nuestra p\u00e1gina web en el caso de las cookies t\u00e9cnicas necesarias. Por \u00faltimo, indicarte que, si activas <strong>cookies de terceros<\/strong> (empresas externas que prestan servicios para nuestra p\u00e1gina web) y posteriormente deseas desactivarlas, podr\u00e1s hacerlo de dos formas: usando las herramientas de desactivaci\u00f3n de cookies de tu navegador o a trav\u00e9s de los propios sistemas habilitados por dichos proveedores externos. Para que te sea mucho m\u00e1s f\u00e1cil, a continuaci\u00f3n te relacionamos una serie de enlaces a las pautas de desactivaci\u00f3n de cookies de los navegadores de uso com\u00fan:\n<ul>\n \t<li><a href=\"https:\/\/support.google.com\/accounts\/answer\/61416?co=GENIE.Platform%3DDesktop&amp;hl=es\">Google Chrome<\/a>.<\/li>\n \t<li><a href=\"https:\/\/support.mozilla.org\/es\/kb\/Borrar%20cookies\">Mozilla Firefox<\/a>.<\/li>\n \t<li><a href=\"https:\/\/support.microsoft.com\/es-es\/help\/278835\/how-to-delete-cookie-files-in-internet-explorer\">Internet Explorer<\/a>.<\/li>\n \t<li><a href=\"https:\/\/support.apple.com\/es-es\/guide\/safari\/sfri11471\/mac\">Safari<\/a>.<\/li>\n \t<li><a href=\"https:\/\/support.apple.com\/es-es\/HT201265\">Safari para IOS (iPhone y iPad)<\/a>.<\/li>\n \t<li><a href=\"https:\/\/support.google.com\/accounts\/answer\/61416?co=GENIE.Platform%3DAndroid&amp;hl=es&amp;oco=1\">Google Chrome para Android<\/a>.<\/li>\n \t<li><a href=\"https:\/\/support.google.com\/accounts\/answer\/61416?co=GENIE.Platform%3DiOS&amp;hl=es&amp;oco=1\">Google Chrome para Iphone y Ipad<\/a>.<\/li>\n<\/ul>\t\t\t\t\t\t\t\t<\/div>\n\t\t\t\t\t<\/div>\n\t\t\t\t<\/div>\n\t\t\t\t<\/div>\n\t\t","protected":false},"excerpt":{"rendered":"<p>Welcome to the COOKIE POLICY of the website of the entity MOJAVE PLACE, with Tax ID number 21980678S, where we will explain in clear and simple language all the necessary information so that you can control them based on your personal decisions. WHAT ARE COOKIES AND WHAT DO WE USE THEM FOR? A cookie is &#8230;<\/p>\n","protected":false},"author":1,"featured_media":0,"parent":0,"menu_order":0,"comment_status":"closed","ping_status":"closed","template":"","meta":{"inline_featured_image":false,"footnotes":""},"class_list":["post-28173","page","type-page","status-publish","hentry"],"yoast_head":"<!-- This site is optimized with the Yoast SEO plugin v27.4 - https:\/\/yoast.com\/product\/yoast-seo-wordpress\/ -->\n<title>Cookies policy - Mojave Place<\/title>\n<meta name=\"robots\" content=\"index, follow, max-snippet:-1, max-image-preview:large, max-video-preview:-1\" \/>\n<link rel=\"canonical\" href=\"https:\/\/www.mojaveplace.com\/en\/cookies\/\" \/>\n<meta property=\"og:locale\" content=\"en_GB\" \/>\n<meta property=\"og:type\" content=\"article\" \/>\n<meta property=\"og:title\" content=\"Cookies policy - Mojave Place\" \/>\n<meta property=\"og:description\" content=\"Welcome to the COOKIE POLICY of the website of the entity MOJAVE PLACE, with Tax ID number 21980678S, where we will explain in clear and simple language all the necessary information so that you can control them based on your personal decisions. WHAT ARE COOKIES AND WHAT DO WE USE THEM FOR? A cookie is ...\" \/>\n<meta property=\"og:url\" content=\"https:\/\/www.mojaveplace.com\/en\/cookies\/\" \/>\n<meta property=\"og:site_name\" content=\"Mojave Place\" \/>\n<meta property=\"article:modified_time\" content=\"2025-12-06T10:30:17+00:00\" \/>\n<meta name=\"twitter:card\" content=\"summary_large_image\" \/>\n<meta name=\"twitter:label1\" content=\"Estimated reading time\" \/>\n\t<meta name=\"twitter:data1\" content=\"8 minutes\" \/>\n<script type=\"application\/ld+json\" class=\"yoast-schema-graph\">{\"@context\":\"https:\\\/\\\/schema.org\",\"@graph\":[{\"@type\":\"WebPage\",\"@id\":\"https:\\\/\\\/www.mojaveplace.com\\\/cookies\\\/\",\"url\":\"https:\\\/\\\/www.mojaveplace.com\\\/cookies\\\/\",\"name\":\"Cookies policy - Mojave Place\",\"isPartOf\":{\"@id\":\"https:\\\/\\\/www.mojaveplace.com\\\/#website\"},\"datePublished\":\"2025-12-06T10:26:20+00:00\",\"dateModified\":\"2025-12-06T10:30:17+00:00\",\"breadcrumb\":{\"@id\":\"https:\\\/\\\/www.mojaveplace.com\\\/cookies\\\/#breadcrumb\"},\"inLanguage\":\"en-GB\",\"potentialAction\":[{\"@type\":\"ReadAction\",\"target\":[\"https:\\\/\\\/www.mojaveplace.com\\\/cookies\\\/\"]}]},{\"@type\":\"BreadcrumbList\",\"@id\":\"https:\\\/\\\/www.mojaveplace.com\\\/cookies\\\/#breadcrumb\",\"itemListElement\":[{\"@type\":\"ListItem\",\"position\":1,\"name\":\"Portada\",\"item\":\"https:\\\/\\\/www.mojaveplace.com\\\/\"},{\"@type\":\"ListItem\",\"position\":2,\"name\":\"Cookies policy\"}]},{\"@type\":\"WebSite\",\"@id\":\"https:\\\/\\\/www.mojaveplace.com\\\/#website\",\"url\":\"https:\\\/\\\/www.mojaveplace.com\\\/\",\"name\":\"Mojave Place\",\"description\":\"Alquileres vacacionales\",\"potentialAction\":[{\"@type\":\"SearchAction\",\"target\":{\"@type\":\"EntryPoint\",\"urlTemplate\":\"https:\\\/\\\/www.mojaveplace.com\\\/?s={search_term_string}\"},\"query-input\":{\"@type\":\"PropertyValueSpecification\",\"valueRequired\":true,\"valueName\":\"search_term_string\"}}],\"inLanguage\":\"en-GB\"}]}<\/script>\n<!-- \/ Yoast SEO plugin. -->","yoast_head_json":{"title":"Cookies policy - Mojave Place","robots":{"index":"index","follow":"follow","max-snippet":"max-snippet:-1","max-image-preview":"max-image-preview:large","max-video-preview":"max-video-preview:-1"},"canonical":"https:\/\/www.mojaveplace.com\/en\/cookies\/","og_locale":"en_GB","og_type":"article","og_title":"Cookies policy - Mojave Place","og_description":"Welcome to the COOKIE POLICY of the website of the entity MOJAVE PLACE, with Tax ID number 21980678S, where we will explain in clear and simple language all the necessary information so that you can control them based on your personal decisions. WHAT ARE COOKIES AND WHAT DO WE USE THEM FOR? A cookie is ...","og_url":"https:\/\/www.mojaveplace.com\/en\/cookies\/","og_site_name":"Mojave Place","article_modified_time":"2025-12-06T10:30:17+00:00","twitter_card":"summary_large_image","twitter_misc":{"Estimated reading time":"8 minutes"},"schema":{"@context":"https:\/\/schema.org","@graph":[{"@type":"WebPage","@id":"https:\/\/www.mojaveplace.com\/cookies\/","url":"https:\/\/www.mojaveplace.com\/cookies\/","name":"Cookies policy - Mojave Place","isPartOf":{"@id":"https:\/\/www.mojaveplace.com\/#website"},"datePublished":"2025-12-06T10:26:20+00:00","dateModified":"2025-12-06T10:30:17+00:00","breadcrumb":{"@id":"https:\/\/www.mojaveplace.com\/cookies\/#breadcrumb"},"inLanguage":"en-GB","potentialAction":[{"@type":"ReadAction","target":["https:\/\/www.mojaveplace.com\/cookies\/"]}]},{"@type":"BreadcrumbList","@id":"https:\/\/www.mojaveplace.com\/cookies\/#breadcrumb","itemListElement":[{"@type":"ListItem","position":1,"name":"Portada","item":"https:\/\/www.mojaveplace.com\/"},{"@type":"ListItem","position":2,"name":"Cookies policy"}]},{"@type":"WebSite","@id":"https:\/\/www.mojaveplace.com\/#website","url":"https:\/\/www.mojaveplace.com\/","name":"Mojave Place","description":"Alquileres vacacionales","potentialAction":[{"@type":"SearchAction","target":{"@type":"EntryPoint","urlTemplate":"https:\/\/www.mojaveplace.com\/?s={search_term_string}"},"query-input":{"@type":"PropertyValueSpecification","valueRequired":true,"valueName":"search_term_string"}}],"inLanguage":"en-GB"}]}},"_links":{"self":[{"href":"https:\/\/www.mojaveplace.com\/en\/wp-json\/wp\/v2\/pages\/28173","targetHints":{"allow":["GET"]}}],"collection":[{"href":"https:\/\/www.mojaveplace.com\/en\/wp-json\/wp\/v2\/pages"}],"about":[{"href":"https:\/\/www.mojaveplace.com\/en\/wp-json\/wp\/v2\/types\/page"}],"author":[{"embeddable":true,"href":"https:\/\/www.mojaveplace.com\/en\/wp-json\/wp\/v2\/users\/1"}],"replies":[{"embeddable":true,"href":"https:\/\/www.mojaveplace.com\/en\/wp-json\/wp\/v2\/comments?post=28173"}],"version-history":[{"count":7,"href":"https:\/\/www.mojaveplace.com\/en\/wp-json\/wp\/v2\/pages\/28173\/revisions"}],"predecessor-version":[{"id":28180,"href":"https:\/\/www.mojaveplace.com\/en\/wp-json\/wp\/v2\/pages\/28173\/revisions\/28180"}],"wp:attachment":[{"href":"https:\/\/www.mojaveplace.com\/en\/wp-json\/wp\/v2\/media?parent=28173"}],"curies":[{"name":"wp","href":"https:\/\/api.w.org\/{rel}","templated":true}]}}