{"id":27964,"date":"2020-10-06T10:40:58","date_gmt":"2020-10-06T10:40:58","guid":{"rendered":"http:\/\/demo-install.wpestate.org\/?page_id=27964"},"modified":"2025-12-09T09:13:48","modified_gmt":"2025-12-09T08:13:48","slug":"home","status":"publish","type":"page","link":"https:\/\/www.mojaveplace.com\/es\/","title":{"rendered":"Inicio"},"content":{"rendered":"<div data-elementor-type=\"wp-page\" data-elementor-id=\"27964\" class=\"elementor elementor-27964\" data-elementor-post-type=\"page\">\n\t\t\t\t\t\t<section class=\"elementor-section elementor-top-section elementor-element elementor-element-47bc945e elementor-section-content-middle elementor-section-stretched elementor-section-boxed elementor-section-height-default elementor-section-height-default\" data-id=\"47bc945e\" data-element_type=\"section\" data-e-type=\"section\" data-settings=\"{&quot;stretch_section&quot;:&quot;section-stretched&quot;,&quot;background_background&quot;:&quot;slideshow&quot;,&quot;background_slideshow_gallery&quot;:[{&quot;id&quot;:28203,&quot;url&quot;:&quot;https:\\\/\\\/www.mojaveplace.com\\\/wp-content\\\/uploads\\\/2025\\\/12\\\/bg-main-scaled.jpeg&quot;}],&quot;background_slideshow_ken_burns&quot;:&quot;yes&quot;,&quot;background_slideshow_loop&quot;:&quot;yes&quot;,&quot;background_slideshow_slide_duration&quot;:5000,&quot;background_slideshow_slide_transition&quot;:&quot;fade&quot;,&quot;background_slideshow_transition_duration&quot;:500,&quot;background_slideshow_ken_burns_zoom_direction&quot;:&quot;in&quot;}\">\n\t\t\t\t\t\t\t<div class=\"elementor-background-overlay\"><\/div>\n\t\t\t\t\t\t\t<div class=\"elementor-container elementor-column-gap-no\">\n\t\t\t\t\t<div class=\"elementor-column elementor-col-100 elementor-top-column elementor-element elementor-element-1ea1d9fc\" data-id=\"1ea1d9fc\" data-element_type=\"column\" data-e-type=\"column\">\n\t\t\t<div class=\"elementor-widget-wrap elementor-element-populated\">\n\t\t\t\t\t\t<div class=\"elementor-element elementor-element-52b6d94d elementor-invisible elementor-widget elementor-widget-heading\" data-id=\"52b6d94d\" data-element_type=\"widget\" data-e-type=\"widget\" data-settings=\"{&quot;_animation&quot;:&quot;fadeIn&quot;,&quot;_animation_delay&quot;:200}\" role=\"main\" data-widget_type=\"heading.default\">\n\t\t\t\t\t<h1 class=\"elementor-heading-title elementor-size-default\">El lugar perfecto para disfrutar de tus vacaciones.<\/h1>\t\t\t\t<\/div>\n\t\t\t\t<div class=\"elementor-element elementor-element-11c7e6a7 elementor-invisible elementor-widget elementor-widget-heading\" data-id=\"11c7e6a7\" data-element_type=\"widget\" data-e-type=\"widget\" data-settings=\"{&quot;_animation&quot;:&quot;fadeIn&quot;,&quot;_animation_delay&quot;:400}\" data-widget_type=\"heading.default\">\n\t\t\t\t\t<p class=\"elementor-heading-title elementor-size-default\">Descubre una experiencia exclusiva junto al mar Mediterr\u00e1neo, en el sur de Alicante.<\/p>\t\t\t\t<\/div>\n\t\t\t\t<div class=\"elementor-element elementor-element-64e2fe61 elementor-widget elementor-widget-spacer\" data-id=\"64e2fe61\" data-element_type=\"widget\" data-e-type=\"widget\" data-widget_type=\"spacer.default\">\n\t\t\t\t\t\t\t<div class=\"elementor-spacer\">\n\t\t\t<div class=\"elementor-spacer-inner\"><\/div>\n\t\t<\/div>\n\t\t\t\t\t\t<\/div>\n\t\t\t\t<div class=\"elementor-element elementor-element-46f88318 elementor-widget elementor-widget-Wprentals_Advanced_Search\" data-id=\"46f88318\" data-element_type=\"widget\" data-e-type=\"widget\" data-widget_type=\"Wprentals_Advanced_Search.default\">\n\t\t\t\t<div class=\"elementor-widget-container\">\n\t\t\t\t\t<div class=\"advanced_search_shortcode\"><h2 class=\"shortcode_title_adv\"><\/h2><div class=\"adv-search-3    27964 advanced_search_form_wrapper\"  data-postid=\"27964\"><form role=\"search\" method=\"get\"   action=\"https:\/\/www.mojaveplace.com\/es\/busqueda-avanzada\/\" data-trp-original-action=\"https:\/\/www.mojaveplace.com\/es\/busqueda-avanzada\/\" ><div class=\"col-md-3 Check-In\"><i class=\"custom_icon_class_icon far fa-calendar-alt\"><\/i><input type=\"text\"    id=\"check_in_shortcode\"  name=\"check_in\" placeholder=\"Registro\"  class=\"advanced_select form-control custom_icon_class_input\" value=\"\" \/><\/div><div class=\"col-md-3 Check-Out\"><i class=\"custom_icon_class_icon far fa-calendar-alt\"><\/i><input type=\"text\"    id=\"check_out_shortcode\"  name=\"check_out\" placeholder=\"Salida\"  class=\"advanced_select form-control custom_icon_class_input\" value=\"\" \/><\/div><div class=\"col-md-3 Guests\"><i class=\"custom_icon_class_icon fas fa-user\"><\/i><div class=\"dropdown custom_icon_class  form-control\"> <div data-toggle=\"dropdown\" id=\"guest_no_toogle\" class=\"filter_menu_trigger\"   data-value=\"\">Invitados\n                <span class=\"caret  caret_filter\"><\/span>\n                <\/div> <input type=\"hidden\" name=\"guest_no\" id=\"guest_no\" value=\"\">\n                    <ul  class=\"dropdown-menu filter_menu\" role=\"menu\" aria-labelledby=\"guest_no_toogle\">\n                         <li role=\"presentation\" data-value=\"all\">Invitados<\/li><li data-value=\"1\"  value=\"1\">1<\/li><li data-value=\"2\"  value=\"2\">2<\/li><li data-value=\"3\"  value=\"3\">3<\/li><li data-value=\"4\"  value=\"4\">4<\/li><li data-value=\"5\"  value=\"5\">5<\/li><li data-value=\"6\"  value=\"6\">6<\/li><li data-value=\"7\"  value=\"7\">7<\/li><li data-value=\"8\"  value=\"8\">8<\/li><li data-value=\"9\"  value=\"9\">9<\/li><li data-value=\"10\"  value=\"10\">10<\/li>\n                    <\/ul>\n                <\/div><\/div><input type=\"hidden\" id=\"wpestate_regular_search_nonce\" name=\"wpestate_regular_search_nonce\" value=\"83eb155221\" \/><input type=\"hidden\" name=\"_wp_http_referer\" value=\"\/es\/wp-json\/wp\/v2\/pages\/27964\" \/><div class=\"col-md-3\" ><input name=\"submit\" type=\"submit\" class=\"advanced_search_submit_button\"  value=\"Buscar\"><\/div><input type=\"hidden\" name=\"trp-form-language\" value=\"es\"\/><\/form><\/div><\/div>\t\t\t\t<\/div>\n\t\t\t\t<\/div>\n\t\t\t\t\t<\/div>\n\t\t<\/div>\n\t\t\t\t\t<\/div>\n\t\t<\/section>\n\t\t\t\t<section class=\"elementor-section elementor-top-section elementor-element elementor-element-65dff44a elementor-section-stretched elementor-section-boxed elementor-section-height-default elementor-section-height-default\" data-id=\"65dff44a\" data-element_type=\"section\" data-e-type=\"section\" data-settings=\"{&quot;stretch_section&quot;:&quot;section-stretched&quot;,&quot;background_background&quot;:&quot;classic&quot;}\">\n\t\t\t\t\t\t<div class=\"elementor-container elementor-column-gap-default\">\n\t\t\t\t\t<div class=\"elementor-column elementor-col-100 elementor-top-column elementor-element elementor-element-4ddac97e\" data-id=\"4ddac97e\" data-element_type=\"column\" data-e-type=\"column\">\n\t\t\t<div class=\"elementor-widget-wrap elementor-element-populated\">\n\t\t\t\t\t\t<section class=\"elementor-section elementor-inner-section elementor-element elementor-element-9acedf3 elementor-section-boxed elementor-section-height-default elementor-section-height-default\" data-id=\"9acedf3\" data-element_type=\"section\" data-e-type=\"section\">\n\t\t\t\t\t\t<div class=\"elementor-container elementor-column-gap-default\">\n\t\t\t\t\t<div class=\"elementor-column elementor-col-33 elementor-inner-column elementor-element elementor-element-1380d891\" data-id=\"1380d891\" data-element_type=\"column\" data-e-type=\"column\">\n\t\t\t<div class=\"elementor-widget-wrap\">\n\t\t\t\t\t\t\t<\/div>\n\t\t<\/div>\n\t\t\t\t<div class=\"elementor-column elementor-col-33 elementor-inner-column elementor-element elementor-element-7f5dba8f\" data-id=\"7f5dba8f\" data-element_type=\"column\" data-e-type=\"column\">\n\t\t\t<div class=\"elementor-widget-wrap elementor-element-populated\">\n\t\t\t\t\t\t<div class=\"elementor-element elementor-element-649ceb16 elementor-invisible elementor-widget elementor-widget-heading\" data-id=\"649ceb16\" data-element_type=\"widget\" data-e-type=\"widget\" data-settings=\"{&quot;_animation&quot;:&quot;fadeIn&quot;,&quot;_animation_delay&quot;:200}\" data-widget_type=\"heading.default\">\n\t\t\t\t\t<h2 class=\"elementor-heading-title elementor-size-default\">Descubra nuestros exclusivos complejos residenciales<\/h2>\t\t\t\t<\/div>\n\t\t\t\t<div class=\"elementor-element elementor-element-46a5bdfe elementor-invisible elementor-widget elementor-widget-heading\" data-id=\"46a5bdfe\" data-element_type=\"widget\" data-e-type=\"widget\" data-settings=\"{&quot;_animation&quot;:&quot;fadeIn&quot;,&quot;_animation_delay&quot;:200}\" data-widget_type=\"heading.default\">\n\t\t\t\t\t<p class=\"elementor-heading-title elementor-size-default\">Disfrute del estilo de vida mediterr\u00e1neo con nuestro servicio de alquiler vacacional, con todas sus necesidades perfectamente ubicadas, que le ofrecer\u00e1 una experiencia inolvidable de lo mejor del sur de Alicante.<\/p>\t\t\t\t<\/div>\n\t\t\t\t\t<\/div>\n\t\t<\/div>\n\t\t\t\t<div class=\"elementor-column elementor-col-33 elementor-inner-column elementor-element elementor-element-7dfbf072\" data-id=\"7dfbf072\" data-element_type=\"column\" data-e-type=\"column\">\n\t\t\t<div class=\"elementor-widget-wrap\">\n\t\t\t\t\t\t\t<\/div>\n\t\t<\/div>\n\t\t\t\t\t<\/div>\n\t\t<\/section>\n\t\t\t\t<div class=\"elementor-element elementor-element-2f47fcc2 elementor-widget elementor-widget-spacer\" data-id=\"2f47fcc2\" data-element_type=\"widget\" data-e-type=\"widget\" data-widget_type=\"spacer.default\">\n\t\t\t\t\t\t\t<div class=\"elementor-spacer\">\n\t\t\t<div class=\"elementor-spacer-inner\"><\/div>\n\t\t<\/div>\n\t\t\t\t\t\t<\/div>\n\t\t\t\t<div class=\"elementor-element elementor-element-692e438d elementor-widget elementor-widget-Wprentals_Recent_Items\" data-id=\"692e438d\" data-element_type=\"widget\" data-e-type=\"widget\" data-widget_type=\"Wprentals_Recent_Items.default\">\n\t\t\t\t<div class=\"elementor-widget-container\">\n\t\t\t\t\t<div class=\"bottom-estate_property nobutton\" ><div class=\"items_shortcode_wrapper\">\n\n<div itemscope itemtype=\"http:\/\/schema.org\/Product\" class=\"listing_wrapper col-md-4 shortcode-col property_unit_v2  property_flex\" data-org=\"4\" data-listid=\"137\" >\n\n    \n    <div class=\"property_listing\" >\n        \n\n            <div class=\"listing-unit-img-wrapper\">\n                <div id=\"property_unit_carousel_69e74b4850e40\" class=\"carousel property_unit_carousel slide\" data-ride=\"carousel\" data-interval=\"false\">\n                    <div class=\"carousel-inner\">\n                        <div class=\"item active\">\n                            <a href=\"https:\/\/www.mojaveplace.com\/es\/propiedades\/gran-villa-soleada-en-el-lado-este\/\" target=\"_self\" ><img decoding=\"async\" itemprop=\"image\" src=\"https:\/\/www.mojaveplace.com\/wp-content\/uploads\/2015\/04\/house4-1-1-400x314.jpg\"   class=\"b-lazy img-responsive wp-post-image lazy-hidden\" alt=\"Enorme villa soleada \u2013 Lado este\" \/><\/a>\n                        <\/div>\n                        <div class=\"item lazy-load-item\">\n                                        <a href=\"https:\/\/www.mojaveplace.com\/es\/propiedades\/gran-villa-soleada-en-el-lado-este\/\" target=\"_self\">\n                                        <img  data-lazy-load-src=\"https:\/\/www.mojaveplace.com\/wp-content\/uploads\/2025\/12\/vacation-header-400x314.webp\" alt=\"imagen de la propiedad\" class=\"img-responsive\" \/><\/a>\n                                    <\/div><div class=\"item lazy-load-item\">\n                                        <a href=\"https:\/\/www.mojaveplace.com\/es\/propiedades\/gran-villa-soleada-en-el-lado-este\/\" target=\"_self\">\n                                        <img  data-lazy-load-src=\"https:\/\/www.mojaveplace.com\/wp-content\/uploads\/2025\/12\/bg-main-400x314.jpeg\" alt=\"imagen de la propiedad\" class=\"img-responsive\" \/><\/a>\n                                    <\/div>\n                    <\/div><a href=\"https:\/\/www.mojaveplace.com\/es\/propiedades\/gran-villa-soleada-en-el-lado-este\/\"> <\/a><a class=\"left  carousel-control\" href=\"#property_unit_carousel_69e74b4850e40\" data-slide=\"prev\">\n                        <i class=\"icon-left-open-big\"><\/i>\n                    <\/a>\n\n                    <a class=\"right  carousel-control\" href=\"#property_unit_carousel_69e74b4850e40\" data-slide=\"next\">\n                        <i class=\"icon-right-open-big\"><\/i>\n                    <\/a><\/div><div class=\"price_unit_wrapper\"> <\/div><div class=\"\" itemprop=\"offers\" itemscope itemtype=\"http:\/\/schema.org\/Offer\"> <link itemprop=\"url\" href=\"https:\/\/www.mojaveplace.com\/es\/propiedades\/gran-villa-soleada-en-el-lado-este\/\"\/><meta itemprop=\"priceCurrency\" content=\"EUR\" \/><div class=\"price_unit\"><span itemprop=\"price\" content=\"250\">250 \u20ac<span class=\"pernight\"> \/noche<\/span><\/div><\/div><\/div>\n\n\n            <div class=\"featured_div\">destacado<\/div><div class=\"property_status_wrapper\"><\/div>\n            <div class=\"title-container\">\n\n                \n                <meta itemprop=\"ratingValue\" content=\"0\"\/><div class=\"rating_placeholder\"><\/div>\n                \n\n\n                <a href=\"https:\/\/www.mojaveplace.com\/es\/propiedades\/gran-villa-soleada-en-el-lado-este\/\" class=\"owner_thumb\" style=\"background-image: url(https:\/\/www.mojaveplace.com\/wp-content\/uploads\/2015\/04\/house4-1-1-60x60.jpg)\"><\/a>\n\n                <div class=\"category_name\">\n                        <a  itemprop=\"url\"  href=\"https:\/\/www.mojaveplace.com\/es\/propiedades\/gran-villa-soleada-en-el-lado-este\/\"  class=\"listing_title_unit\" >\n    \n    \n   <span itemprop=\"name\">\n    Enorme villa soleada \u2013 Lado este    <\/span>\n<\/a>\n                    <div class=\"category_tagline map_icon\">\n                        <a href=\"https:\/\/www.mojaveplace.com\/es\/ciudad\/torrevieja\/\" rel=\"tag\">Torrevieja<\/a>                    <\/div>\n\n                    <div class=\"category_tagline actions_icon\">\n                        <a href=\"https:\/\/www.mojaveplace.com\/es\/listados\/villa\/\" rel=\"tag\">Villa<\/a> \/ <a href=\"https:\/\/www.mojaveplace.com\/es\/accion\/alojamiento-privado\/\" rel=\"tag\">Alojamiento privado<\/a>                    <\/div>\n                <\/div>\n\n                                <div class=\"property_unit_action\">\n                    <span class=\"icon-fav icon-fav-off\" data-original-title=\"add to favorites\" data-postid=\"137\"><i class=\"fas fa-heart\"><\/i><\/span>\n                <\/div>\n                            <\/div>\n\n\n        \n        <\/div>\n    <\/div>\n<\/div><\/div>\t\t\t\t<\/div>\n\t\t\t\t<\/div>\n\t\t\t\t\t<\/div>\n\t\t<\/div>\n\t\t\t\t\t<\/div>\n\t\t<\/section>\n\t\t\t\t<section class=\"elementor-section elementor-top-section elementor-element elementor-element-470c8b50 elementor-section-stretched elementor-section-boxed elementor-section-height-default elementor-section-height-default\" data-id=\"470c8b50\" data-element_type=\"section\" data-e-type=\"section\" data-settings=\"{&quot;stretch_section&quot;:&quot;section-stretched&quot;,&quot;background_background&quot;:&quot;classic&quot;}\">\n\t\t\t\t\t\t\t<div class=\"elementor-background-overlay\"><\/div>\n\t\t\t\t\t\t\t<div class=\"elementor-container elementor-column-gap-default\">\n\t\t\t\t\t<div class=\"elementor-column elementor-col-100 elementor-top-column elementor-element elementor-element-48970300\" data-id=\"48970300\" data-element_type=\"column\" data-e-type=\"column\">\n\t\t\t<div class=\"elementor-widget-wrap elementor-element-populated\">\n\t\t\t\t\t\t<div class=\"elementor-element elementor-element-57df59e elementor-widget elementor-widget-image\" data-id=\"57df59e\" data-element_type=\"widget\" data-e-type=\"widget\" data-widget_type=\"image.default\">\n\t\t\t\t\t\t\t\t\t\t\t\t\t\t\t<img fetchpriority=\"high\" decoding=\"async\" width=\"1024\" height=\"119\" src=\"https:\/\/www.mojaveplace.com\/wp-content\/uploads\/2025\/12\/Logo-digitalizadores-1024x119.png\" class=\"attachment-large size-large wp-image-28153\" alt=\"logotipo digitalizadores\" srcset=\"https:\/\/www.mojaveplace.com\/wp-content\/uploads\/2025\/12\/Logo-digitalizadores-1024x119.png 1024w, https:\/\/www.mojaveplace.com\/wp-content\/uploads\/2025\/12\/Logo-digitalizadores-300x35.png 300w, https:\/\/www.mojaveplace.com\/wp-content\/uploads\/2025\/12\/Logo-digitalizadores-768x89.png 768w, https:\/\/www.mojaveplace.com\/wp-content\/uploads\/2025\/12\/Logo-digitalizadores-1536x178.png 1536w, https:\/\/www.mojaveplace.com\/wp-content\/uploads\/2025\/12\/Logo-digitalizadores-2048x238.png 2048w, https:\/\/www.mojaveplace.com\/wp-content\/uploads\/2025\/12\/Logo-digitalizadores-18x2.png 18w\" sizes=\"(max-width: 1024px) 100vw, 1024px\" \/>\t\t\t\t\t\t\t\t\t\t\t\t\t\t\t<\/div>\n\t\t\t\t\t<\/div>\n\t\t<\/div>\n\t\t\t\t\t<\/div>\n\t\t<\/section>\n\t\t\t\t<\/div>","protected":false},"excerpt":{"rendered":"<p>El lugar perfecto para disfrutar de tus vacaciones Descubre una experiencia exclusiva junto al mar Mediterr\u00e1neo, en el sur de Alicante   Hu\u00e9spedes Hu\u00e9spedes 1 2 3 4 5 6 7 8 9 10 Descubre nuestros exclusivos complejos residenciales Disfruta del estilo de vida mediterr\u00e1neo con nuestro servicio de alquiler vacacional, con todo lo que necesitas en una ubicaci\u00f3n perfecta, que...<\/p>","protected":false},"author":1,"featured_media":0,"parent":0,"menu_order":0,"comment_status":"closed","ping_status":"closed","template":"elementor_header_footer","meta":{"inline_featured_image":false,"footnotes":""},"class_list":["post-27964","page","type-page","status-publish","hentry"],"yoast_head":"<!-- This site is optimized with the Yoast SEO plugin v27.4 - https:\/\/yoast.com\/product\/yoast-seo-wordpress\/ -->\n<title>MojavePlace | Rental vacations<\/title>\n<meta name=\"description\" content=\"Rental vacations in Torrevieja and Orihuela Costa with quality and security. Live an unique experience with MojavePlace\" \/>\n<meta name=\"robots\" content=\"index, follow, max-snippet:-1, max-image-preview:large, max-video-preview:-1\" \/>\n<link rel=\"canonical\" href=\"https:\/\/www.mojaveplace.com\/es\/\" \/>\n<meta property=\"og:locale\" content=\"es_ES\" \/>\n<meta property=\"og:type\" content=\"article\" \/>\n<meta property=\"og:title\" content=\"MojavePlace | Rental vacations\" \/>\n<meta property=\"og:description\" content=\"Rental vacations in Torrevieja and Orihuela Costa with quality and security. Live an unique experience with MojavePlace\" \/>\n<meta property=\"og:url\" content=\"https:\/\/www.mojaveplace.com\/es\/\" \/>\n<meta property=\"og:site_name\" content=\"Mojave Place\" \/>\n<meta property=\"article:modified_time\" content=\"2025-12-09T08:13:48+00:00\" \/>\n<meta property=\"og:image\" content=\"https:\/\/www.mojaveplace.com\/wp-content\/uploads\/2015\/04\/house4-1-1-400x314.jpg\" \/>\n<meta name=\"twitter:card\" content=\"summary_large_image\" \/>\n<meta name=\"twitter:label1\" content=\"Tiempo de lectura\" \/>\n\t<meta name=\"twitter:data1\" content=\"2 minutos\" \/>\n<script type=\"application\/ld+json\" class=\"yoast-schema-graph\">{\"@context\":\"https:\\\/\\\/schema.org\",\"@graph\":[{\"@type\":\"WebPage\",\"@id\":\"https:\\\/\\\/www.mojaveplace.com\\\/\",\"url\":\"https:\\\/\\\/www.mojaveplace.com\\\/\",\"name\":\"MojavePlace | Rental vacations\",\"isPartOf\":{\"@id\":\"https:\\\/\\\/www.mojaveplace.com\\\/#website\"},\"primaryImageOfPage\":{\"@id\":\"https:\\\/\\\/www.mojaveplace.com\\\/#primaryimage\"},\"image\":{\"@id\":\"https:\\\/\\\/www.mojaveplace.com\\\/#primaryimage\"},\"thumbnailUrl\":\"https:\\\/\\\/www.mojaveplace.com\\\/wp-content\\\/uploads\\\/2015\\\/04\\\/house4-1-1-400x314.jpg\",\"datePublished\":\"2020-10-06T10:40:58+00:00\",\"dateModified\":\"2025-12-09T08:13:48+00:00\",\"description\":\"Rental vacations in Torrevieja and Orihuela Costa with quality and security. Live an unique experience with MojavePlace\",\"breadcrumb\":{\"@id\":\"https:\\\/\\\/www.mojaveplace.com\\\/#breadcrumb\"},\"inLanguage\":\"es\",\"potentialAction\":[{\"@type\":\"ReadAction\",\"target\":[\"https:\\\/\\\/www.mojaveplace.com\\\/\"]}]},{\"@type\":\"ImageObject\",\"inLanguage\":\"es\",\"@id\":\"https:\\\/\\\/www.mojaveplace.com\\\/#primaryimage\",\"url\":\"https:\\\/\\\/www.mojaveplace.com\\\/wp-content\\\/uploads\\\/2015\\\/04\\\/house4-1-1-400x314.jpg\",\"contentUrl\":\"https:\\\/\\\/www.mojaveplace.com\\\/wp-content\\\/uploads\\\/2015\\\/04\\\/house4-1-1-400x314.jpg\"},{\"@type\":\"BreadcrumbList\",\"@id\":\"https:\\\/\\\/www.mojaveplace.com\\\/#breadcrumb\",\"itemListElement\":[{\"@type\":\"ListItem\",\"position\":1,\"name\":\"Portada\",\"item\":\"https:\\\/\\\/www.mojaveplace.com\\\/\"},{\"@type\":\"ListItem\",\"position\":2,\"name\":\"Home\"}]},{\"@type\":\"WebSite\",\"@id\":\"https:\\\/\\\/www.mojaveplace.com\\\/#website\",\"url\":\"https:\\\/\\\/www.mojaveplace.com\\\/\",\"name\":\"Mojave Place\",\"description\":\"Alquileres vacacionales\",\"potentialAction\":[{\"@type\":\"SearchAction\",\"target\":{\"@type\":\"EntryPoint\",\"urlTemplate\":\"https:\\\/\\\/www.mojaveplace.com\\\/?s={search_term_string}\"},\"query-input\":{\"@type\":\"PropertyValueSpecification\",\"valueRequired\":true,\"valueName\":\"search_term_string\"}}],\"inLanguage\":\"es\"}]}<\/script>\n<!-- \/ Yoast SEO plugin. -->","yoast_head_json":{"title":"MojavePlace | Alquiler vacacional","description":"Alquiler vacacional en Torrevieja y Orihuela Costa con calidad y seguridad. Vive una experiencia \u00fanica con MojavePlace.","robots":{"index":"index","follow":"follow","max-snippet":"max-snippet:-1","max-image-preview":"max-image-preview:large","max-video-preview":"max-video-preview:-1"},"canonical":"https:\/\/www.mojaveplace.com\/es\/","og_locale":"es_ES","og_type":"article","og_title":"MojavePlace | Rental vacations","og_description":"Rental vacations in Torrevieja and Orihuela Costa with quality and security. Live an unique experience with MojavePlace","og_url":"https:\/\/www.mojaveplace.com\/es\/","og_site_name":"Mojave Place","article_modified_time":"2025-12-09T08:13:48+00:00","og_image":[{"url":"https:\/\/www.mojaveplace.com\/wp-content\/uploads\/2015\/04\/house4-1-1-400x314.jpg","type":"","width":"","height":""}],"twitter_card":"summary_large_image","twitter_misc":{"Tiempo de lectura":"2 minutos"},"schema":{"@context":"https:\/\/schema.org","@graph":[{"@type":"WebPage","@id":"https:\/\/www.mojaveplace.com\/","url":"https:\/\/www.mojaveplace.com\/","name":"MojavePlace | Alquiler vacacional","isPartOf":{"@id":"https:\/\/www.mojaveplace.com\/#website"},"primaryImageOfPage":{"@id":"https:\/\/www.mojaveplace.com\/#primaryimage"},"image":{"@id":"https:\/\/www.mojaveplace.com\/#primaryimage"},"thumbnailUrl":"https:\/\/www.mojaveplace.com\/wp-content\/uploads\/2015\/04\/house4-1-1-400x314.jpg","datePublished":"2020-10-06T10:40:58+00:00","dateModified":"2025-12-09T08:13:48+00:00","description":"Alquiler vacacional en Torrevieja y Orihuela Costa con calidad y seguridad. Vive una experiencia \u00fanica con MojavePlace.","breadcrumb":{"@id":"https:\/\/www.mojaveplace.com\/#breadcrumb"},"inLanguage":"es","potentialAction":[{"@type":"ReadAction","target":["https:\/\/www.mojaveplace.com\/"]}]},{"@type":"ImageObject","inLanguage":"es","@id":"https:\/\/www.mojaveplace.com\/#primaryimage","url":"https:\/\/www.mojaveplace.com\/wp-content\/uploads\/2015\/04\/house4-1-1-400x314.jpg","contentUrl":"https:\/\/www.mojaveplace.com\/wp-content\/uploads\/2015\/04\/house4-1-1-400x314.jpg"},{"@type":"BreadcrumbList","@id":"https:\/\/www.mojaveplace.com\/#breadcrumb","itemListElement":[{"@type":"ListItem","position":1,"name":"Portada","item":"https:\/\/www.mojaveplace.com\/"},{"@type":"ListItem","position":2,"name":"Home"}]},{"@type":"WebSite","@id":"https:\/\/www.mojaveplace.com\/#website","url":"https:\/\/www.mojaveplace.com\/","name":"Mojave Place","description":"Alquileres vacacionales","potentialAction":[{"@type":"SearchAction","target":{"@type":"EntryPoint","urlTemplate":"https:\/\/www.mojaveplace.com\/?s={search_term_string}"},"query-input":{"@type":"PropertyValueSpecification","valueRequired":true,"valueName":"search_term_string"}}],"inLanguage":"es"}]}},"_links":{"self":[{"href":"https:\/\/www.mojaveplace.com\/es\/wp-json\/wp\/v2\/pages\/27964","targetHints":{"allow":["GET"]}}],"collection":[{"href":"https:\/\/www.mojaveplace.com\/es\/wp-json\/wp\/v2\/pages"}],"about":[{"href":"https:\/\/www.mojaveplace.com\/es\/wp-json\/wp\/v2\/types\/page"}],"author":[{"embeddable":true,"href":"https:\/\/www.mojaveplace.com\/es\/wp-json\/wp\/v2\/users\/1"}],"replies":[{"embeddable":true,"href":"https:\/\/www.mojaveplace.com\/es\/wp-json\/wp\/v2\/comments?post=27964"}],"version-history":[{"count":45,"href":"https:\/\/www.mojaveplace.com\/es\/wp-json\/wp\/v2\/pages\/27964\/revisions"}],"predecessor-version":[{"id":28401,"href":"https:\/\/www.mojaveplace.com\/es\/wp-json\/wp\/v2\/pages\/27964\/revisions\/28401"}],"wp:attachment":[{"href":"https:\/\/www.mojaveplace.com\/es\/wp-json\/wp\/v2\/media?parent=27964"}],"curies":[{"name":"wp","href":"https:\/\/api.w.org\/{rel}","templated":true}]}}