{"id":28164,"date":"2025-12-06T11:10:11","date_gmt":"2025-12-06T10:10:11","guid":{"rendered":"https:\/\/www.mojaveplace.com\/?page_id=28164"},"modified":"2025-12-06T11:20:42","modified_gmt":"2025-12-06T10:20:42","slug":"legal","status":"publish","type":"page","link":"https:\/\/www.mojaveplace.com\/es\/legal\/","title":{"rendered":"Aviso legal"},"content":{"rendered":"<div data-elementor-type=\"wp-page\" data-elementor-id=\"28164\" class=\"elementor elementor-28164\" data-elementor-post-type=\"page\">\n\t\t\t\t<div class=\"elementor-element elementor-element-7dfb70bb e-flex e-con-boxed e-con e-parent\" data-id=\"7dfb70bb\" data-element_type=\"container\" data-e-type=\"container\">\n\t\t\t\t\t<div class=\"e-con-inner\">\n\t\t\t\t<div class=\"elementor-element elementor-element-7c950b83 elementor-widget elementor-widget-text-editor\" data-id=\"7c950b83\" data-element_type=\"widget\" data-e-type=\"widget\" data-widget_type=\"text-editor.default\">\n\t\t\t\t\t\t\t\t\t<p><\/p>\n<p><strong>1. Condiciones generales:<\/strong><\/p>\n<p><\/p>\n<p><\/p>\n<p>El presente aviso legal contiene los t\u00e9rminos y condiciones que rigen el uso y acceso al sitio web https:\/\/www.mojaveplace.com (en adelante, el sitio o sitio web) y las responsabilidades derivadas de su uso, en cumplimiento de la Ley 34\/2002, de 11 de julio, de Servicios de la Sociedad de la Informaci\u00f3n y de Comercio Electr\u00f3nico (en adelante, LSSI). Se entender\u00e1 que el acceso o mero uso del sitio web por parte del usuario implica la adhesi\u00f3n a todas las condiciones que MOJAVE PLACE haya publicado en el sitio web en ese momento. Se informa a los usuarios que MOJAVE PLACE cumple con la legislaci\u00f3n vigente en materia de protecci\u00f3n de datos personales, privacidad de los usuarios y confidencialidad y seguridad de sus datos personales, adoptando las medidas t\u00e9cnicas y organizativas necesarias para evitar la p\u00e9rdida, mal uso, alteraci\u00f3n, acceso no autorizado y robo de los datos personales facilitados.<\/p>\n<p><\/p>\n<p><\/p>\n<p><strong>2. Propietario:<\/strong><\/p>\n<p><\/p>\n<p><\/p>\n<p>El propietario de este sitio web es:<\/p>\n<p><\/p>\n<p><\/p>\n<p>MIGUEL \u00c1NGEL P\u00c9REZ PAYA, en adelante MOJAVE PLACE, con n\u00famero de identificaci\u00f3n 21980678S, n\u00famero de tel\u00e9fono de contacto 966 700 222 y direcci\u00f3n de correo electr\u00f3nico miguel@trengrafico.com.<\/p>\n<p><\/p>\n<p><\/p>\n<p><strong>3. Objetivo:<\/strong><\/p>\n<p><\/p>\n<p><\/p>\n<p>El objetivo de este sitio web es proporcionar informaci\u00f3n sobre las actividades y servicios que lleva a cabo y ofrece MOJAVE PLACE.<\/p>\n<p><\/p>\n<p><\/p>\n<p><strong>4. Derechos de propiedad intelectual e industrial:<\/strong><\/p>\n<p><\/p>\n<p><\/p>\n<p>La totalidad de este sitio web: descripci\u00f3n y caracter\u00edsticas, textos, im\u00e1genes, marcas, logotipos, botones, archivos de software, as\u00ed como la estructura, selecci\u00f3n, ordenaci\u00f3n y presentaci\u00f3n de sus contenidos est\u00e1n protegidos por las leyes espa\u00f1olas e internacionales sobre Propiedad Intelectual e Industrial. En ning\u00fan caso el acceso de terceros a este sitio implica ning\u00fan tipo de renuncia, transferencia o cesi\u00f3n total o parcial de los derechos reconocidos por la legislaci\u00f3n espa\u00f1ola e internacional sobre propiedad intelectual e industrial.<\/p>\n<p><\/p>\n<p><\/p>\n<p>Quedan prohibidos: la reproducci\u00f3n (excepto la descarga temporal desde el sitio web al disco duro del ordenador del usuario o a servidores proxy), la copia, el uso, la distribuci\u00f3n, la reutilizaci\u00f3n, la explotaci\u00f3n, la realizaci\u00f3n de segundas copias, el env\u00edo por correo, la transmisi\u00f3n, la modificaci\u00f3n, la transferencia o cualquier otro acto que se realice con toda o parte de la informaci\u00f3n contenida en este sitio web que no haya sido expresamente autorizado por el propietario. El usuario se compromete a utilizar los contenidos de forma diligente, correcta y l\u00edcita y, en particular, se compromete a no suprimir, eludir o manipular los datos de copyright y dem\u00e1s datos identificativos de los derechos de MOJAVE PLACE o de sus titulares incorporados a los contenidos, as\u00ed como los dispositivos t\u00e9cnicos de protecci\u00f3n o cualquier mecanismo de informaci\u00f3n que puedan incluir los contenidos. https:\/\/www.mojaveplace.com es un dominio registrado por MOJAVE PLACE. El dominio no podr\u00e1 ser utilizado, salvo autorizaci\u00f3n expresa previa, en relaci\u00f3n con otros servicios que no sean prestados por la empresa, de forma que pueda causar confusi\u00f3n entre nuestros clientes o desacreditar a MOJAVE PLACE.<\/p>\n<p><\/p>\n<p><\/p>\n<p><strong>5. Acceso:<\/strong><\/p>\n<p><\/p>\n<p><\/p>\n<p>Los usuarios pueden acceder al sitio libremente y sin coste alguno. Sin embargo, MOJAVE PLACE se reserva el derecho de limitar el acceso a determinadas \u00e1reas del sitio web a aquellos usuarios que no dispongan de las credenciales adecuadas. Dichas credenciales (nombre de usuario y contrase\u00f1a) son facilitadas por MOJAVE PLACE a sus clientes, o a aquellos usuarios que las soliciten expresamente, con el fin de acceder a informaci\u00f3n espec\u00edfica para ese grupo de usuarios. El uso de la contrase\u00f1a es personal e intransferible, y no podr\u00e1 ser cedida, ni siquiera temporalmente, a terceros. En este sentido, el usuario se compromete a hacer un uso diligente de la contrase\u00f1a y a mantenerla en secreto.<\/p>\n<p><\/p>\n<p><\/p>\n<p><strong>6. Responsabilidad y obligaciones:<\/strong><\/p>\n<p><\/p>\n<p><\/p>\n<p><strong>6.1. Responsabilidad por el contenido<\/strong><\/p>\n<p><\/p>\n<p><\/p>\n<p>El contenido de este sitio web es de car\u00e1cter general, con el \u00fanico prop\u00f3sito y efecto de proporcionar informaci\u00f3n sobre nuestros servicios y nuestra actividad comercial. MOJAVE PLACE declina cualquier responsabilidad por cualquier decisi\u00f3n tomada por el usuario del sitio web. MOJAVE PLACE rechaza cualquier responsabilidad por cualquier informaci\u00f3n no producida por la empresa o no publicada de manera autorizada bajo su nombre, as\u00ed como cualquier responsabilidad derivada del uso indebido del contenido. Del mismo modo, MOJAVE PLACE se reserva el derecho de actualizar, eliminar, limitar o impedir el acceso al contenido, ya sea de forma temporal o permanente.<\/p>\n<p><\/p>\n<p><\/p>\n<p><strong>6.2. Responsabilidad por enlaces a otros sitios web<\/strong><\/p>\n<p><\/p>\n<p><\/p>\n<p>Los enlaces incluidos en este sitio web tienen fines meramente informativos y, por lo tanto, MOJAVE PLACE no controla ni verifica ninguna informaci\u00f3n, contenido, productos o servicios proporcionados a trav\u00e9s de estos sitios web. En consecuencia, MOJAVE PLACE declina cualquier responsabilidad por cualquier aspecto, especialmente el contenido, relacionado con las p\u00e1ginas enlazadas. Estos enlaces a otras p\u00e1ginas, as\u00ed como a los productos o servicios ofrecidos por ellas, no implican respaldo, patrocinio o recomendaci\u00f3n por parte de MOJAVE PLACE.<\/p>\n<p><\/p>\n<p><\/p>\n<p><strong>6.3. Responsabilidad en caso de que esta p\u00e1gina sea el destino de un enlace incluido en otra p\u00e1gina.<\/strong><\/p>\n<p><\/p>\n<p><\/p>\n<p>En lo que respecta a los enlaces establecidos por otras p\u00e1ginas al sitio web de MOJAVE PLACE, se deben observar las siguientes estipulaciones: \u00b7 Se debe solicitar autorizaci\u00f3n antes de crear el enlace, y su concesi\u00f3n debe indicarse expresamente.<\/p>\n<p><\/p>\n<p><\/p>\n<p>El enlace debe ser absoluto y completo, es decir, debe llevar al usuario a la direcci\u00f3n de MOJAVE PLACE y debe ocupar toda la pantalla de la p\u00e1gina de inicio. Bajo ninguna circunstancia, salvo autorizaci\u00f3n expresa por escrito de MOJAVE PLACE, la p\u00e1gina que cree el enlace podr\u00e1 reproducir el sitio web de MOJAVE PLACE de ninguna manera, incluirlo como parte de su sitio web o dentro de uno de sus marcos, ni crear un navegador en ninguna de las p\u00e1ginas del sitio web.<\/p>\n<p><\/p>\n<p><\/p>\n<p>No se podr\u00e1 proporcionar informaci\u00f3n enga\u00f1osa o incorrecta sobre el sitio web MOJAVE PLACE.<\/p>\n<p><\/p>\n<p><\/p>\n<p>Si desea utilizar cualquier signo distintivo de MOJAVE PLACE, como marcas comerciales, logotipos y nombres, debe obtener una autorizaci\u00f3n por escrito.<\/p>\n<p><\/p>\n<p><\/p>\n<p>El propietario de la p\u00e1gina que ofrece el enlace debe actuar de buena fe y no debe intentar afectar negativamente la reputaci\u00f3n o el buen nombre de MOJAVE PLACE.<\/p>\n<p><\/p>\n<p><\/p>\n<p>Salvo autorizaci\u00f3n expresa de MOJAVE PLACE, queda prohibido registrar los elementos textuales de la marca o logotipo, el nombre de dominio o la denominaci\u00f3n social de MOJAVE PLACE como palabras clave (\u201cmetatags\u201d o \u201cmetanames\u201d) para la b\u00fasqueda de sitios web a trav\u00e9s de motores de b\u00fasqueda. MOJAVE PLACE no asume ninguna responsabilidad por ning\u00fan aspecto del sitio web que ofrezca el enlace.<\/p>\n<p><\/p>\n<p><\/p>\n<p><strong>6.4. Responsabilidad por los aspectos t\u00e9cnicos:<\/strong><\/p>\n<p><\/p>\n<p><\/p>\n<p>MOJAVE PLACE har\u00e1 todo lo posible por proporcionar un servicio estable y duradero, pero en ning\u00fan caso garantiza la continuidad del funcionamiento ni la funcionalidad y disponibilidad del sitio web por motivos ajenos a su control. MOJAVE PLACE no se hace responsable de ning\u00fan da\u00f1o directo o indirecto, incluidos los da\u00f1os a los sistemas inform\u00e1ticos y la introducci\u00f3n de virus existentes en la red, que se deriven de la navegaci\u00f3n por Internet necesaria para el uso de este sitio web. Por este motivo, en ning\u00fan caso se pagar\u00e1 indemnizaci\u00f3n alguna por los problemas debidos al mal funcionamiento del sistema.<\/p>\n<p><\/p>\n<p><\/p>\n<p><strong>6.5. Obligaciones del usuario:<\/strong><\/p>\n<p><\/p>\n<p><\/p>\n<p>El usuario ser\u00e1 responsable de los da\u00f1os y perjuicios que MOJAVE PLACE pueda sufrir como consecuencia del incumplimiento por parte del usuario de cualquiera de las obligaciones establecidas en el presente aviso legal. El usuario ser\u00e1 responsable, en todo caso, de la veracidad de los datos facilitados, y MOJAVE PLACE se reserva el derecho de excluir de los servicios registrados a cualquier usuario que haya facilitado datos falsos y de rescindir el contrato de seguro solicitado, sin perjuicio de las dem\u00e1s acciones que puedan corresponderle en derecho. El usuario no podr\u00e1 utilizar este servicio para transmitir cualquier tipo de material ilegal, amenazante, difamatorio o cualquier otro tipo de material considerado ofensivo. Del mismo modo, el usuario no podr\u00e1 hacer un uso indebido de los contenidos de MOJAVE PLACE, utilizarlos para fines distintos a los previstos, reproducirlos, modificarlos o transformarlos. Cualquier informaci\u00f3n obtenida del sitio web de MOJAVE PLACE y mostrada en una p\u00e1gina externa deber\u00e1 ser debidamente acreditada, es decir, se deber\u00e1 indicar el nombre del sitio web y el enlace o la p\u00e1gina de donde se ha obtenido la informaci\u00f3n. En lo que respecta a la navegaci\u00f3n, el usuario se compromete a observar diligente y fielmente las recomendaciones establecidas por MOJAVE PLACE en relaci\u00f3n con el uso del sitio web. A tal efecto, MOJAVE PLACE se dirigir\u00e1 a los usuarios a trav\u00e9s de cualquier medio de comunicaci\u00f3n disponible en el sitio web.<\/p>\n<p><\/p>\n<p><\/p>\n<p><strong>7. Duraci\u00f3n y modificaci\u00f3n:<\/strong><\/p>\n<p><\/p>\n<p><\/p>\n<p>MOJAVE PLACE tendr\u00e1 derecho a modificar unilateralmente los t\u00e9rminos y condiciones aqu\u00ed estipulados, ya sea en su totalidad o en parte. Cualquier cambio se publicar\u00e1 y se comunicar\u00e1 a los usuarios de la misma manera que este aviso legal. Por lo tanto, la validez temporal de este aviso legal coincide con el tiempo que permanece publicado, hasta que MOJAVE PLACE lo modifique total o parcialmente. MOJAVE PLACE podr\u00e1 rescindir, suspender o interrumpir unilateralmente el funcionamiento de este sitio web, sin que el usuario pueda reclamar ninguna indemnizaci\u00f3n. Tras dicha rescisi\u00f3n, el usuario deber\u00e1 destruir cualquier informaci\u00f3n sobre MOJAVE PLACE que posea en cualquier formato y que haya obtenido a trav\u00e9s del sitio o de las comunicaciones realizadas individualmente al usuario por el mismo. MOJAVE PLACE no tendr\u00e1 ninguna obligaci\u00f3n de mantener ning\u00fan contenido ni de reenviar ning\u00fan mensaje no le\u00eddo o no enviado al usuario o a un tercero.<\/p>\n<p><\/p>\n<p><\/p>\n<p><strong>8. Legislaci\u00f3n y jurisdicci\u00f3n:<\/strong><\/p>\n<p><\/p>\n<p><\/p>\n<p>Las presentes condiciones de uso se rigen por la legislaci\u00f3n espa\u00f1ola. Las condiciones que aparecen en este sitio web est\u00e1n sujetas en todos los casos a la legislaci\u00f3n y los tribunales espa\u00f1oles. En caso de cualquier controversia entre el usuario y MOJAVE PLACE, las partes acuerdan y consienten expresamente, con renuncia expresa a cualquier otro fuero, someterse a los juzgados y tribunales de Torrevieja (Espa\u00f1a) en lo que respecta a la prestaci\u00f3n del servicio.<\/p>\n<p><\/p>\n<p><\/p>\n<p>&nbsp;<\/p>\n<p><\/p>\t\t\t\t\t\t\t\t<\/div>\n\t\t\t\t\t<\/div>\n\t\t\t\t<\/div>\n\t\t\t\t<\/div>","protected":false},"excerpt":{"rendered":"<p>1. General conditions: This legal notice contains the terms and conditions governing the use and access to the website https:\/\/www.mojaveplace.com (hereinafter referred to as the site or website) and the responsibilities arising from its use, in compliance with Law 34\/2002, of July 11, on Information Society Services and Electronic Commerce (hereinafter referred to as LSSI). &#8230;<\/p>","protected":false},"author":1,"featured_media":0,"parent":0,"menu_order":0,"comment_status":"closed","ping_status":"closed","template":"","meta":{"inline_featured_image":false,"footnotes":""},"class_list":["post-28164","page","type-page","status-publish","hentry"],"yoast_head":"<!-- This site is optimized with the Yoast SEO plugin v27.4 - https:\/\/yoast.com\/product\/yoast-seo-wordpress\/ -->\n<title>Legal advice - Mojave Place<\/title>\n<meta name=\"robots\" content=\"index, follow, max-snippet:-1, max-image-preview:large, max-video-preview:-1\" \/>\n<link rel=\"canonical\" href=\"https:\/\/www.mojaveplace.com\/es\/legal\/\" \/>\n<meta property=\"og:locale\" content=\"es_ES\" \/>\n<meta property=\"og:type\" content=\"article\" \/>\n<meta property=\"og:title\" content=\"Legal advice - Mojave Place\" \/>\n<meta property=\"og:description\" content=\"1. General conditions: This legal notice contains the terms and conditions governing the use and access to the website https:\/\/www.mojaveplace.com (hereinafter referred to as the site or website) and the responsibilities arising from its use, in compliance with Law 34\/2002, of July 11, on Information Society Services and Electronic Commerce (hereinafter referred to as LSSI). ...\" \/>\n<meta property=\"og:url\" content=\"https:\/\/www.mojaveplace.com\/es\/legal\/\" \/>\n<meta property=\"og:site_name\" content=\"Mojave Place\" \/>\n<meta property=\"article:modified_time\" content=\"2025-12-06T10:20:42+00:00\" \/>\n<meta name=\"twitter:card\" content=\"summary_large_image\" \/>\n<meta name=\"twitter:label1\" content=\"Tiempo de lectura\" \/>\n\t<meta name=\"twitter:data1\" content=\"7 minutos\" \/>\n<script type=\"application\/ld+json\" class=\"yoast-schema-graph\">{\"@context\":\"https:\\\/\\\/schema.org\",\"@graph\":[{\"@type\":\"WebPage\",\"@id\":\"https:\\\/\\\/www.mojaveplace.com\\\/legal\\\/\",\"url\":\"https:\\\/\\\/www.mojaveplace.com\\\/legal\\\/\",\"name\":\"Legal advice - Mojave Place\",\"isPartOf\":{\"@id\":\"https:\\\/\\\/www.mojaveplace.com\\\/#website\"},\"datePublished\":\"2025-12-06T10:10:11+00:00\",\"dateModified\":\"2025-12-06T10:20:42+00:00\",\"breadcrumb\":{\"@id\":\"https:\\\/\\\/www.mojaveplace.com\\\/legal\\\/#breadcrumb\"},\"inLanguage\":\"es\",\"potentialAction\":[{\"@type\":\"ReadAction\",\"target\":[\"https:\\\/\\\/www.mojaveplace.com\\\/legal\\\/\"]}]},{\"@type\":\"BreadcrumbList\",\"@id\":\"https:\\\/\\\/www.mojaveplace.com\\\/legal\\\/#breadcrumb\",\"itemListElement\":[{\"@type\":\"ListItem\",\"position\":1,\"name\":\"Portada\",\"item\":\"https:\\\/\\\/www.mojaveplace.com\\\/\"},{\"@type\":\"ListItem\",\"position\":2,\"name\":\"Legal advice\"}]},{\"@type\":\"WebSite\",\"@id\":\"https:\\\/\\\/www.mojaveplace.com\\\/#website\",\"url\":\"https:\\\/\\\/www.mojaveplace.com\\\/\",\"name\":\"Mojave Place\",\"description\":\"Alquileres vacacionales\",\"potentialAction\":[{\"@type\":\"SearchAction\",\"target\":{\"@type\":\"EntryPoint\",\"urlTemplate\":\"https:\\\/\\\/www.mojaveplace.com\\\/?s={search_term_string}\"},\"query-input\":{\"@type\":\"PropertyValueSpecification\",\"valueRequired\":true,\"valueName\":\"search_term_string\"}}],\"inLanguage\":\"es\"}]}<\/script>\n<!-- \/ Yoast SEO plugin. -->","yoast_head_json":{"title":"Asesoramiento jur\u00eddico - Mojave Place","robots":{"index":"index","follow":"follow","max-snippet":"max-snippet:-1","max-image-preview":"max-image-preview:large","max-video-preview":"max-video-preview:-1"},"canonical":"https:\/\/www.mojaveplace.com\/es\/legal\/","og_locale":"es_ES","og_type":"article","og_title":"Legal advice - Mojave Place","og_description":"1. General conditions: This legal notice contains the terms and conditions governing the use and access to the website https:\/\/www.mojaveplace.com (hereinafter referred to as the site or website) and the responsibilities arising from its use, in compliance with Law 34\/2002, of July 11, on Information Society Services and Electronic Commerce (hereinafter referred to as LSSI). ...","og_url":"https:\/\/www.mojaveplace.com\/es\/legal\/","og_site_name":"Mojave Place","article_modified_time":"2025-12-06T10:20:42+00:00","twitter_card":"summary_large_image","twitter_misc":{"Tiempo de lectura":"7 minutos"},"schema":{"@context":"https:\/\/schema.org","@graph":[{"@type":"WebPage","@id":"https:\/\/www.mojaveplace.com\/legal\/","url":"https:\/\/www.mojaveplace.com\/legal\/","name":"Asesoramiento jur\u00eddico - Mojave Place","isPartOf":{"@id":"https:\/\/www.mojaveplace.com\/#website"},"datePublished":"2025-12-06T10:10:11+00:00","dateModified":"2025-12-06T10:20:42+00:00","breadcrumb":{"@id":"https:\/\/www.mojaveplace.com\/legal\/#breadcrumb"},"inLanguage":"es","potentialAction":[{"@type":"ReadAction","target":["https:\/\/www.mojaveplace.com\/legal\/"]}]},{"@type":"BreadcrumbList","@id":"https:\/\/www.mojaveplace.com\/legal\/#breadcrumb","itemListElement":[{"@type":"ListItem","position":1,"name":"Portada","item":"https:\/\/www.mojaveplace.com\/"},{"@type":"ListItem","position":2,"name":"Legal advice"}]},{"@type":"WebSite","@id":"https:\/\/www.mojaveplace.com\/#website","url":"https:\/\/www.mojaveplace.com\/","name":"Mojave Place","description":"Alquileres vacacionales","potentialAction":[{"@type":"SearchAction","target":{"@type":"EntryPoint","urlTemplate":"https:\/\/www.mojaveplace.com\/?s={search_term_string}"},"query-input":{"@type":"PropertyValueSpecification","valueRequired":true,"valueName":"search_term_string"}}],"inLanguage":"es"}]}},"_links":{"self":[{"href":"https:\/\/www.mojaveplace.com\/es\/wp-json\/wp\/v2\/pages\/28164","targetHints":{"allow":["GET"]}}],"collection":[{"href":"https:\/\/www.mojaveplace.com\/es\/wp-json\/wp\/v2\/pages"}],"about":[{"href":"https:\/\/www.mojaveplace.com\/es\/wp-json\/wp\/v2\/types\/page"}],"author":[{"embeddable":true,"href":"https:\/\/www.mojaveplace.com\/es\/wp-json\/wp\/v2\/users\/1"}],"replies":[{"embeddable":true,"href":"https:\/\/www.mojaveplace.com\/es\/wp-json\/wp\/v2\/comments?post=28164"}],"version-history":[{"count":6,"href":"https:\/\/www.mojaveplace.com\/es\/wp-json\/wp\/v2\/pages\/28164\/revisions"}],"predecessor-version":[{"id":28170,"href":"https:\/\/www.mojaveplace.com\/es\/wp-json\/wp\/v2\/pages\/28164\/revisions\/28170"}],"wp:attachment":[{"href":"https:\/\/www.mojaveplace.com\/es\/wp-json\/wp\/v2\/media?parent=28164"}],"curies":[{"name":"wp","href":"https:\/\/api.w.org\/{rel}","templated":true}]}}