{"id":28173,"date":"2025-12-06T11:26:20","date_gmt":"2025-12-06T10:26:20","guid":{"rendered":"https:\/\/www.mojaveplace.com\/?page_id=28173"},"modified":"2025-12-06T11:30:17","modified_gmt":"2025-12-06T10:30:17","slug":"galletas","status":"publish","type":"page","link":"https:\/\/www.mojaveplace.com\/es\/galletas\/","title":{"rendered":"Pol\u00edtica de cookies"},"content":{"rendered":"<div data-elementor-type=\"wp-page\" data-elementor-id=\"28173\" class=\"elementor elementor-28173\" data-elementor-post-type=\"page\">\n\t\t\t\t<div class=\"elementor-element elementor-element-7dfb70bb e-flex e-con-boxed e-con e-parent\" data-id=\"7dfb70bb\" data-element_type=\"container\" data-e-type=\"container\">\n\t\t\t\t\t<div class=\"e-con-inner\">\n\t\t\t\t<div class=\"elementor-element elementor-element-7c950b83 elementor-widget elementor-widget-text-editor\" data-id=\"7c950b83\" data-element_type=\"widget\" data-e-type=\"widget\" data-widget_type=\"text-editor.default\">\n\t\t\t\t\t\t\t\t\tBienvenido a la <strong>POL\u00cdTICA DE COOKIES<\/strong>\n\ndel sitio web de la entidad <b>MOJAVE PLACE<\/b>, con n\u00famero de identificaci\u00f3n fiscal <b>21980678S<\/b>, donde le explicaremos en un lenguaje claro y sencillo toda la informaci\u00f3n necesaria para que pueda controlarlos en funci\u00f3n de sus decisiones personales.\n<h3><strong>\u00bfQU\u00c9 SON LAS COOKIES Y PARA QU\u00c9 LAS UTILIZAMOS?<\/strong><\/h3>\nUna cookie es un peque\u00f1o archivo de informaci\u00f3n que se almacena en su ordenador, smartphone o tableta cada vez que visita nuestro sitio web. En principio, una cookie es inofensiva: no contiene virus, troyanos, gusanos, etc. que puedan da\u00f1ar su dispositivo, pero s\u00ed tiene cierto impacto en su derecho a la protecci\u00f3n de sus datos personales, ya que recopila cierta informaci\u00f3n sobre usted (h\u00e1bitos de navegaci\u00f3n, identidad, preferencias, etc.). Por ello, en base a lo dispuesto en la normativa aplicable (LSSI y normativa vigente en materia de protecci\u00f3n de datos personales), la activaci\u00f3n de determinados tipos de cookies requerir\u00e1 su autorizaci\u00f3n previa. Antes de hacerlo, le proporcionaremos informaci\u00f3n adicional que le ayudar\u00e1 a tomar una mejor decisi\u00f3n al respecto:\n<ol>\n     <li>Existen varios tipos de cookies seg\u00fan su finalidad:<\/li>\n<\/ol>\n<ul>\n     <li>Las cookies t\u00e9cnicas son necesarias para el funcionamiento de nuestro sitio web, no requieren su autorizaci\u00f3n y son las \u00fanicas que hemos activado por defecto. <\/li>\n     <li>El resto de las cookies se utilizan para mejorar nuestro sitio web, personalizarlo seg\u00fan sus preferencias o mostrarle publicidad adaptada a sus b\u00fasquedas, gustos e intereses personales. Puede aceptar todas estas cookies haciendo clic en el bot\u00f3n <strong>ACEPTAR<\/strong> bot\u00f3n, o puede configurarlos o rechazar su uso haciendo clic en el <strong>CONFIGURACI\u00d3N DE COOKIES<\/strong> secci\u00f3n. <\/li>\n<\/ul>\n<ol start=\"2\">\n     <li>Algunas cookies son nuestras (nos referiremos a ellas como <strong>cookies propias<\/strong>) y otros pertenecen a empresas externas que prestan servicios para nuestro sitio web (nos referiremos a ellos como <strong>cookies de terceros<\/strong>: un ejemplo ser\u00edan las cookies de proveedores externos como Google). En este sentido, es importante se\u00f1alar que algunos de estos proveedores externos pueden estar ubicados fuera de Espa\u00f1a. <\/li>\n<\/ol>\nA nivel mundial, no todos los pa\u00edses tienen el mismo nivel de protecci\u00f3n de datos, y algunos pa\u00edses son m\u00e1s seguros que otros (por ejemplo, la Uni\u00f3n Europea es un entorno seguro para sus datos). Nuestra pol\u00edtica es utilizar proveedores fiables que, independientemente de si est\u00e1n ubicados en la Uni\u00f3n Europea o no, hayan adoptado las medidas de seguridad adecuadas para la protecci\u00f3n de su informaci\u00f3n personal. Sin embargo, en la secci\u00f3n titulada <strong>\u00bfQU\u00c9 TIPO DE COOKIES SE UTILIZAN ACTUALMENTE EN NUESTRO SITIO WEB?<\/strong>, puede consultar las diferentes pol\u00edticas de privacidad y protecci\u00f3n de datos de cada uno de los proveedores externos mencionados anteriormente con el fin de tomar una decisi\u00f3n informada sobre si activar o no el <strong>cookies de terceros<\/strong> utilizado por nuestro sitio web.\n<ol start=\"3\">\n     <li>Por \u00faltimo, dependiendo del tiempo que permanezcan activas, las cookies pueden ser de dos tipos:<\/li>\n<\/ol>\n<ul>\n     <li><strong>Cookies de sesi\u00f3n:<\/strong> Estas expiran autom\u00e1ticamente cuando finalizas tu sesi\u00f3n en tu ordenador, smartphone o tableta. Se suelen utilizar para almacenar la informaci\u00f3n necesaria mientras te proporcionamos un servicio puntual. <\/li>\n     <li><strong>Cookies persistentes: <\/strong>permanecen almacenadas en su ordenador, smartphone o tableta durante un determinado periodo de tiempo, que puede variar desde unos minutos hasta varios a\u00f1os. <\/li>\n<\/ul>\n<h3><strong>\u00bfQU\u00c9 TIPOS DE COOKIES UTILIZAMOS EN NUESTRO SITIO WEB?<\/strong><\/h3>\n<h5>Cookies t\u00e9cnicas:<\/h5>\nLas cookies t\u00e9cnicas son estrictamente necesarias para que nuestro sitio web funcione y para que usted pueda navegar por \u00e9l. Este tipo de cookies son las que, por ejemplo, nos permiten identificarle, darle acceso a determinadas partes restringidas del sitio si fuera necesario, o recordar diferentes opciones o servicios ya seleccionados por usted, como sus preferencias de privacidad. Por lo tanto, <strong>Est\u00e1n habilitados de forma predeterminada y no se requiere su autorizaci\u00f3n.<\/strong>. A trav\u00e9s de la configuraci\u00f3n de su navegador, puede bloquear o alertarle de la presencia de este tipo de cookies, aunque dicho bloqueo afectar\u00e1 al correcto funcionamiento de las distintas funciones de nuestro sitio web.\n<h5>Cookies de an\u00e1lisis:<\/h5>\nLas cookies de an\u00e1lisis nos permiten estudiar los h\u00e1bitos de navegaci\u00f3n de los usuarios de nuestro sitio web en general (por ejemplo, qu\u00e9 secciones del sitio son m\u00e1s visitadas, qu\u00e9 servicios se utilizan m\u00e1s y si funcionan correctamente, etc.). Bas\u00e1ndonos en la informaci\u00f3n estad\u00edstica sobre la navegaci\u00f3n en nuestro sitio web, podemos mejorar tanto el funcionamiento del propio sitio como los distintos servicios que ofrece. Bienvenido a <strong>POL\u00cdTICA DE COOKIES<\/strong>\n\ndel sitio web de la entidad <b>INMOMAUREM<\/b>, con n\u00famero de identificaci\u00f3n fiscal <b>55392228V<\/b>, donde le explicaremos en un lenguaje claro y sencillo toda la informaci\u00f3n necesaria para que pueda controlarlos en funci\u00f3n de sus decisiones personales.\n<h3><strong>\u00bfQU\u00c9 SON LAS COOKIES Y PARA QU\u00c9 LAS UTILIZAMOS?<\/strong><\/h3>\nUna cookie es un peque\u00f1o archivo de informaci\u00f3n que se almacena en su ordenador, smartphone o tableta cada vez que visita nuestro sitio web. En principio, una cookie es inofensiva: no contiene virus, troyanos, gusanos, etc. que puedan da\u00f1ar su dispositivo, pero s\u00ed tiene cierto impacto en su derecho a la protecci\u00f3n de sus datos personales, ya que recopila cierta informaci\u00f3n sobre usted (h\u00e1bitos de navegaci\u00f3n, identidad, preferencias, etc.). Por ello, en base a lo dispuesto en la normativa aplicable (LSSI y normativa vigente en materia de protecci\u00f3n de datos personales), la activaci\u00f3n de determinados tipos de cookies requerir\u00e1 su autorizaci\u00f3n previa. Antes de hacerlo, le proporcionaremos informaci\u00f3n adicional que le ayudar\u00e1 a tomar una mejor decisi\u00f3n al respecto:\n<ol>\n     <li>Existen varios tipos de cookies seg\u00fan su finalidad:<\/li>\n<\/ol>\n<ul>\n     <li>Las cookies t\u00e9cnicas son necesarias para el funcionamiento de nuestro sitio web, no requieren su autorizaci\u00f3n y son las \u00fanicas que hemos activado por defecto. <\/li>\n     <li>El resto de las cookies se utilizan para mejorar nuestro sitio web, personalizarlo seg\u00fan sus preferencias o mostrarle publicidad adaptada a sus b\u00fasquedas, gustos e intereses personales. Puede aceptar todas estas cookies haciendo clic en el bot\u00f3n <strong>ACEPTAR<\/strong> bot\u00f3n, o puede configurarlos o rechazar su uso haciendo clic en el <strong>CONFIGURACI\u00d3N DE COOKIES<\/strong> secci\u00f3n. <\/li>\n<\/ul>\n<ol start=\"2\">\n     <li>Algunas cookies son nuestras (nos referiremos a ellas como <strong>cookies propias<\/strong>) y otros pertenecen a empresas externas que prestan servicios para nuestro sitio web (nos referiremos a ellos como <strong>cookies de terceros<\/strong>: un ejemplo ser\u00edan las cookies de proveedores externos como Google). En este sentido, es importante se\u00f1alar que algunos de estos proveedores externos pueden estar ubicados fuera de Espa\u00f1a. <\/li>\n<\/ol>\nA nivel mundial, no todos los pa\u00edses tienen el mismo nivel de protecci\u00f3n de datos, y algunos pa\u00edses son m\u00e1s seguros que otros (por ejemplo, la Uni\u00f3n Europea es un entorno seguro para sus datos). Nuestra pol\u00edtica es utilizar proveedores fiables que, independientemente de si est\u00e1n ubicados en la Uni\u00f3n Europea o no, hayan adoptado las medidas de seguridad adecuadas para la protecci\u00f3n de su informaci\u00f3n personal. Sin embargo, en la secci\u00f3n titulada <strong>\u00bfQU\u00c9 TIPO DE COOKIES SE UTILIZAN ACTUALMENTE EN NUESTRO SITIO WEB?<\/strong>, puede consultar las diferentes pol\u00edticas de privacidad y protecci\u00f3n de datos de cada uno de los proveedores externos mencionados anteriormente con el fin de tomar una decisi\u00f3n informada sobre si activar o no el <strong>cookies de terceros<\/strong> utilizado por nuestro sitio web.\n<ol start=\"3\">\n     <li>Por \u00faltimo, dependiendo del tiempo que permanezcan activas, las cookies pueden ser de dos tipos:<\/li>\n<\/ol>\n<ul>\n     <li><strong>Cookies de sesi\u00f3n:<\/strong> Estas expiran autom\u00e1ticamente cuando finalizas tu sesi\u00f3n en tu ordenador, smartphone o tableta. Se suelen utilizar para almacenar la informaci\u00f3n necesaria mientras te proporcionamos un servicio puntual. <\/li>\n     <li><strong>Cookies persistentes: <\/strong>permanecen almacenadas en su ordenador, smartphone o tableta durante un determinado periodo de tiempo, que puede variar desde unos minutos hasta varios a\u00f1os. <\/li>\n<\/ul>\n<h3><strong>\u00bfQU\u00c9 TIPOS DE COOKIES UTILIZAMOS EN NUESTRO SITIO WEB?<\/strong><\/h3>\n<h5>Cookies t\u00e9cnicas:<\/h5>\nLas cookies t\u00e9cnicas son estrictamente necesarias para que nuestro sitio web funcione y para que usted pueda navegar por \u00e9l. Este tipo de cookies son las que, por ejemplo, nos permiten identificarle, darle acceso a determinadas partes restringidas del sitio si fuera necesario, o recordar diferentes opciones o servicios ya seleccionados por usted, como sus preferencias de privacidad. Por lo tanto, <strong>Est\u00e1n habilitados de forma predeterminada y no se requiere su autorizaci\u00f3n.<\/strong>. A trav\u00e9s de la configuraci\u00f3n de su navegador, puede bloquear o alertarle de la presencia de este tipo de cookies, aunque dicho bloqueo afectar\u00e1 al correcto funcionamiento de las distintas funciones de nuestro sitio web.\n<h5>Cookies de an\u00e1lisis:<\/h5>\nLas cookies de an\u00e1lisis nos permiten estudiar los h\u00e1bitos de navegaci\u00f3n de los usuarios de nuestro sitio web en general (por ejemplo, qu\u00e9 secciones del sitio son m\u00e1s visitadas, qu\u00e9 servicios se utilizan m\u00e1s y si funcionan correctamente, etc.). Bas\u00e1ndonos en la informaci\u00f3n estad\u00edstica sobre la navegaci\u00f3n en nuestro sitio web, podemos mejorar tanto el funcionamiento del propio sitio como los distintos servicios que ofrece.\n<h3><strong>\u00bfQu\u00e9 puedes hacer con las cookies?<\/strong><\/h3>\nCuando accedes por primera vez a nuestra p\u00e1gina web, se te muestra una ventana en la que te informamos que las cookies pueden ser de varios tipos:\n<ul>\n \t<li>Las cookies t\u00e9cnicas son necesarias para que nuestra p\u00e1gina web pueda funcionar, no necesitan tu autorizaci\u00f3n y son las \u00fanicas que tenemos activadas por defecto.<\/li>\n \t<li>El resto de cookies sirven para mejorar nuestra p\u00e1gina, para personalizarla en base a tus preferencias, o para poder mostrarte publicidad ajustada a tus b\u00fasquedas, gustos e intereses personales. Puedes aceptar todas estas cookies pulsando el bot\u00f3n <strong>ACEPTAR<\/strong> o configurarlas o rechazar su uso haciendo clic en el apartado <strong>CONFIGURACI\u00d3N DE COOKIES<\/strong>.<\/li>\n<\/ul>\nInformarte tambi\u00e9n que, una vez que hayas activado cualquier tipo de cookies, tienes la posibilidad de desactivarlas en el momento que desees, con el simple paso de desmarcar la casilla correspondiente en el apartado. <strong>CONFIGURACI\u00d3N DE COOKIES <\/strong>de nuestra p\u00e1gina web. Siempre ser\u00e1 tan sencillo para ti activar nuestras cookies propias como desactivarlas. Recordarte asimismo que, a trav\u00e9s de la configuraci\u00f3n de tu navegador, puedes bloquear o alertar de la presencia de cookies, si bien dicho bloqueo puede afectar al correcto funcionamiento de las distintas funcionalidades de nuestra p\u00e1gina web en el caso de las cookies t\u00e9cnicas necesarias. Por \u00faltimo, indicarte que, si activas <strong>cookies de terceros<\/strong> (empresas externas que prestan servicios para nuestra p\u00e1gina web) y posteriormente deseas desactivarlas, podr\u00e1s hacerlo de dos formas: usando las herramientas de desactivaci\u00f3n de cookies de tu navegador o a trav\u00e9s de los propios sistemas habilitados por dichos proveedores externos. Para que te sea mucho m\u00e1s f\u00e1cil, a continuaci\u00f3n te relacionamos una serie de enlaces a las pautas de desactivaci\u00f3n de cookies de los navegadores de uso com\u00fan:\n<ul>\n \t<li><a href=\"https:\/\/support.google.com\/accounts\/answer\/61416?co=GENIE.Platform%3DDesktop&amp;hl=es\">Google Chrome<\/a>.<\/li>\n \t<li><a href=\"https:\/\/support.mozilla.org\/es\/kb\/Borrar%20cookies\">Mozilla Firefox<\/a>.<\/li>\n \t<li><a href=\"https:\/\/support.microsoft.com\/es-es\/help\/278835\/how-to-delete-cookie-files-in-internet-explorer\">Internet Explorer<\/a>.<\/li>\n \t<li><a href=\"https:\/\/support.apple.com\/es-es\/guide\/safari\/sfri11471\/mac\">Safari<\/a>.<\/li>\n \t<li><a href=\"https:\/\/support.apple.com\/es-es\/HT201265\">Safari para iOS (iPhone y iPad)<\/a>.<\/li>\n \t<li><a href=\"https:\/\/support.google.com\/accounts\/answer\/61416?co=GENIE.Platform%3DAndroid&amp;hl=es&amp;oco=1\">Google Chrome para Android<\/a>.<\/li>\n \t<li><a href=\"https:\/\/support.google.com\/accounts\/answer\/61416?co=GENIE.Platform%3DiOS&amp;hl=es&amp;oco=1\">Google Chrome para iPhone y iPad<\/a>.<\/li>\n<\/ul>\t\t\t\t\t\t\t\t<\/div>\n\t\t\t\t\t<\/div>\n\t\t\t\t<\/div>\n\t\t\t\t<\/div>","protected":false},"excerpt":{"rendered":"<p>Welcome to the COOKIE POLICY of the website of the entity MOJAVE PLACE, with Tax ID number 21980678S, where we will explain in clear and simple language all the necessary information so that you can control them based on your personal decisions. WHAT ARE COOKIES AND WHAT DO WE USE THEM FOR? A cookie is &#8230;<\/p>","protected":false},"author":1,"featured_media":0,"parent":0,"menu_order":0,"comment_status":"closed","ping_status":"closed","template":"","meta":{"inline_featured_image":false,"footnotes":""},"class_list":["post-28173","page","type-page","status-publish","hentry"],"yoast_head":"<!-- This site is optimized with the Yoast SEO plugin v27.4 - https:\/\/yoast.com\/product\/yoast-seo-wordpress\/ -->\n<title>Cookies policy - Mojave Place<\/title>\n<meta name=\"robots\" content=\"index, follow, max-snippet:-1, max-image-preview:large, max-video-preview:-1\" \/>\n<link rel=\"canonical\" href=\"https:\/\/www.mojaveplace.com\/es\/galletas\/\" \/>\n<meta property=\"og:locale\" content=\"es_ES\" \/>\n<meta property=\"og:type\" content=\"article\" \/>\n<meta property=\"og:title\" content=\"Cookies policy - Mojave Place\" \/>\n<meta property=\"og:description\" content=\"Welcome to the COOKIE POLICY of the website of the entity MOJAVE PLACE, with Tax ID number 21980678S, where we will explain in clear and simple language all the necessary information so that you can control them based on your personal decisions. WHAT ARE COOKIES AND WHAT DO WE USE THEM FOR? A cookie is ...\" \/>\n<meta property=\"og:url\" content=\"https:\/\/www.mojaveplace.com\/es\/galletas\/\" \/>\n<meta property=\"og:site_name\" content=\"Mojave Place\" \/>\n<meta property=\"article:modified_time\" content=\"2025-12-06T10:30:17+00:00\" \/>\n<meta name=\"twitter:card\" content=\"summary_large_image\" \/>\n<meta name=\"twitter:label1\" content=\"Tiempo de lectura\" \/>\n\t<meta name=\"twitter:data1\" content=\"8 minutos\" \/>\n<script type=\"application\/ld+json\" class=\"yoast-schema-graph\">{\"@context\":\"https:\\\/\\\/schema.org\",\"@graph\":[{\"@type\":\"WebPage\",\"@id\":\"https:\\\/\\\/www.mojaveplace.com\\\/cookies\\\/\",\"url\":\"https:\\\/\\\/www.mojaveplace.com\\\/cookies\\\/\",\"name\":\"Cookies policy - Mojave Place\",\"isPartOf\":{\"@id\":\"https:\\\/\\\/www.mojaveplace.com\\\/#website\"},\"datePublished\":\"2025-12-06T10:26:20+00:00\",\"dateModified\":\"2025-12-06T10:30:17+00:00\",\"breadcrumb\":{\"@id\":\"https:\\\/\\\/www.mojaveplace.com\\\/cookies\\\/#breadcrumb\"},\"inLanguage\":\"es\",\"potentialAction\":[{\"@type\":\"ReadAction\",\"target\":[\"https:\\\/\\\/www.mojaveplace.com\\\/cookies\\\/\"]}]},{\"@type\":\"BreadcrumbList\",\"@id\":\"https:\\\/\\\/www.mojaveplace.com\\\/cookies\\\/#breadcrumb\",\"itemListElement\":[{\"@type\":\"ListItem\",\"position\":1,\"name\":\"Portada\",\"item\":\"https:\\\/\\\/www.mojaveplace.com\\\/\"},{\"@type\":\"ListItem\",\"position\":2,\"name\":\"Cookies policy\"}]},{\"@type\":\"WebSite\",\"@id\":\"https:\\\/\\\/www.mojaveplace.com\\\/#website\",\"url\":\"https:\\\/\\\/www.mojaveplace.com\\\/\",\"name\":\"Mojave Place\",\"description\":\"Alquileres vacacionales\",\"potentialAction\":[{\"@type\":\"SearchAction\",\"target\":{\"@type\":\"EntryPoint\",\"urlTemplate\":\"https:\\\/\\\/www.mojaveplace.com\\\/?s={search_term_string}\"},\"query-input\":{\"@type\":\"PropertyValueSpecification\",\"valueRequired\":true,\"valueName\":\"search_term_string\"}}],\"inLanguage\":\"es\"}]}<\/script>\n<!-- \/ Yoast SEO plugin. -->","yoast_head_json":{"title":"Pol\u00edtica de cookies - Mojave Place","robots":{"index":"index","follow":"follow","max-snippet":"max-snippet:-1","max-image-preview":"max-image-preview:large","max-video-preview":"max-video-preview:-1"},"canonical":"https:\/\/www.mojaveplace.com\/es\/galletas\/","og_locale":"es_ES","og_type":"article","og_title":"Cookies policy - Mojave Place","og_description":"Welcome to the COOKIE POLICY of the website of the entity MOJAVE PLACE, with Tax ID number 21980678S, where we will explain in clear and simple language all the necessary information so that you can control them based on your personal decisions. WHAT ARE COOKIES AND WHAT DO WE USE THEM FOR? A cookie is ...","og_url":"https:\/\/www.mojaveplace.com\/es\/galletas\/","og_site_name":"Mojave Place","article_modified_time":"2025-12-06T10:30:17+00:00","twitter_card":"summary_large_image","twitter_misc":{"Tiempo de lectura":"8 minutos"},"schema":{"@context":"https:\/\/schema.org","@graph":[{"@type":"WebPage","@id":"https:\/\/www.mojaveplace.com\/cookies\/","url":"https:\/\/www.mojaveplace.com\/cookies\/","name":"Pol\u00edtica de cookies - Mojave Place","isPartOf":{"@id":"https:\/\/www.mojaveplace.com\/#website"},"datePublished":"2025-12-06T10:26:20+00:00","dateModified":"2025-12-06T10:30:17+00:00","breadcrumb":{"@id":"https:\/\/www.mojaveplace.com\/cookies\/#breadcrumb"},"inLanguage":"es","potentialAction":[{"@type":"ReadAction","target":["https:\/\/www.mojaveplace.com\/cookies\/"]}]},{"@type":"BreadcrumbList","@id":"https:\/\/www.mojaveplace.com\/cookies\/#breadcrumb","itemListElement":[{"@type":"ListItem","position":1,"name":"Portada","item":"https:\/\/www.mojaveplace.com\/"},{"@type":"ListItem","position":2,"name":"Cookies policy"}]},{"@type":"WebSite","@id":"https:\/\/www.mojaveplace.com\/#website","url":"https:\/\/www.mojaveplace.com\/","name":"Mojave Place","description":"Alquileres vacacionales","potentialAction":[{"@type":"SearchAction","target":{"@type":"EntryPoint","urlTemplate":"https:\/\/www.mojaveplace.com\/?s={search_term_string}"},"query-input":{"@type":"PropertyValueSpecification","valueRequired":true,"valueName":"search_term_string"}}],"inLanguage":"es"}]}},"_links":{"self":[{"href":"https:\/\/www.mojaveplace.com\/es\/wp-json\/wp\/v2\/pages\/28173","targetHints":{"allow":["GET"]}}],"collection":[{"href":"https:\/\/www.mojaveplace.com\/es\/wp-json\/wp\/v2\/pages"}],"about":[{"href":"https:\/\/www.mojaveplace.com\/es\/wp-json\/wp\/v2\/types\/page"}],"author":[{"embeddable":true,"href":"https:\/\/www.mojaveplace.com\/es\/wp-json\/wp\/v2\/users\/1"}],"replies":[{"embeddable":true,"href":"https:\/\/www.mojaveplace.com\/es\/wp-json\/wp\/v2\/comments?post=28173"}],"version-history":[{"count":7,"href":"https:\/\/www.mojaveplace.com\/es\/wp-json\/wp\/v2\/pages\/28173\/revisions"}],"predecessor-version":[{"id":28180,"href":"https:\/\/www.mojaveplace.com\/es\/wp-json\/wp\/v2\/pages\/28173\/revisions\/28180"}],"wp:attachment":[{"href":"https:\/\/www.mojaveplace.com\/es\/wp-json\/wp\/v2\/media?parent=28173"}],"curies":[{"name":"wp","href":"https:\/\/api.w.org\/{rel}","templated":true}]}}