{"id":28183,"date":"2025-12-06T11:31:45","date_gmt":"2025-12-06T10:31:45","guid":{"rendered":"https:\/\/www.mojaveplace.com\/?page_id=28183"},"modified":"2025-12-06T11:35:33","modified_gmt":"2025-12-06T10:35:33","slug":"privacidad","status":"publish","type":"page","link":"https:\/\/www.mojaveplace.com\/es\/privacidad\/","title":{"rendered":"Pol\u00edtica de privacidad"},"content":{"rendered":"<div data-elementor-type=\"wp-page\" data-elementor-id=\"28183\" class=\"elementor elementor-28183\" data-elementor-post-type=\"page\">\n\t\t\t\t<div class=\"elementor-element elementor-element-7dfb70bb e-flex e-con-boxed e-con e-parent\" data-id=\"7dfb70bb\" data-element_type=\"container\" data-e-type=\"container\">\n\t\t\t\t\t<div class=\"e-con-inner\">\n\t\t\t\t<div class=\"elementor-element elementor-element-7c950b83 elementor-widget elementor-widget-text-editor\" data-id=\"7c950b83\" data-element_type=\"widget\" data-e-type=\"widget\" data-widget_type=\"text-editor.default\">\n\t\t\t\t\t\t\t\t\t<p>En Europa y Espa\u00f1a existen normativas de protecci\u00f3n de datos dise\u00f1adas para proteger su informaci\u00f3n personal, que nuestra organizaci\u00f3n est\u00e1 obligada a cumplir.<\/p><p>Por lo tanto, es muy importante para nosotros que comprenda perfectamente qu\u00e9 haremos con los datos personales que le solicitamos.<\/p><p>Seremos transparentes y le daremos control sobre sus datos, utilizando un lenguaje sencillo y opciones claras que le permitir\u00e1n decidir qu\u00e9 hacemos con su informaci\u00f3n personal.<\/p><p>Por favor, si tiene alguna pregunta despu\u00e9s de leer esta informaci\u00f3n, no dude en consultarnos.<\/p><p>Muchas gracias por su colaboraci\u00f3n.<\/p><h3><strong>\u00bfQui\u00e9nes somos?<\/strong><\/h3><ul><li>Nuestro nombre: <b>Miguel \u00c1ngel P\u00e9rez Pay\u00e1<\/b><\/li><li>Nuestro n\u00famero de identificaci\u00f3n fiscal: <strong>21980678S<\/strong><\/li><li>Nuestra actividad principal: <strong>ALQUILERES DE VACACIONES<\/strong><\/li><li>Nuestro n\u00famero de tel\u00e9fono de contacto: <strong>966 700 222<\/strong><\/li><li>Nuestra direcci\u00f3n de correo electr\u00f3nico de contacto: <b>MIGUEL@TRENGRAFICO.COM<\/b><\/li><li>Nuestro sitio web: <strong>MOJAVEPLACE.COM<\/strong><\/li><li>Nuestra actividad principal est\u00e1 sujeta a autorizaci\u00f3n administrativa previa. Para su confianza y seguridad, le facilitamos los datos de dicha autorizaci\u00f3n y los datos identificativos del organismo supervisor competente:<\/li><\/ul><p>Estamos a su disposici\u00f3n, no dude en ponerse en contacto con nosotros.<\/p><h3><strong>\u00bfPara qu\u00e9 utilizaremos sus datos?<\/strong><\/h3><p>En general, sus datos personales se utilizar\u00e1n para interactuar con usted y prestarle nuestros servicios.<\/p><p>Tambi\u00e9n puede utilizarse para otras actividades, como enviarle publicidad o promocionar nuestras actividades.<\/p><h3><strong>\u00bfPor qu\u00e9 necesitamos utilizar sus datos?<\/strong><\/h3><p>Sus datos personales son necesarios para interactuar con usted y prestarle nuestros servicios. En este sentido, le proporcionaremos una serie de casillas de verificaci\u00f3n que le permitir\u00e1n decidir de forma clara y sencilla sobre el uso de su informaci\u00f3n personal.<\/p><h3><strong>\u00bfQui\u00e9n tendr\u00e1 acceso a la informaci\u00f3n que solicitamos?<\/strong><\/h3><p>En general, solo el personal debidamente autorizado de nuestra entidad tendr\u00e1 acceso a la informaci\u00f3n que solicitamos.<\/p><p>Del mismo modo, aquellas entidades que necesiten acceder a su informaci\u00f3n personal para que podamos prestarle nuestros servicios tambi\u00e9n podr\u00e1n tener acceso a ella. Por ejemplo, nuestro banco tendr\u00e1 acceso a sus datos si el pago de nuestros servicios se realiza mediante tarjeta o transferencia bancaria.<\/p><p>Del mismo modo, las entidades p\u00fablicas o privadas a las que estamos obligados a facilitar sus datos personales para cumplir con la ley tambi\u00e9n tendr\u00e1n acceso a su informaci\u00f3n. Por ejemplo, la legislaci\u00f3n fiscal nos obliga a facilitar a las autoridades fiscales determinada informaci\u00f3n sobre transacciones financieras que superen una determinada cuant\u00eda.<\/p><p>En caso de que, aparte de los casos mencionados anteriormente, necesitemos divulgar su informaci\u00f3n personal a otras entidades, primero le pediremos su permiso a trav\u00e9s de opciones claras que le permitir\u00e1n decidir sobre este asunto.<\/p><h3><strong>\u00bfC\u00f3mo protegeremos sus datos?<\/strong><\/h3><p>Protegeremos sus datos con medidas de seguridad eficaces basadas en los riesgos que conlleva el uso de su informaci\u00f3n.<\/p><p>Con este fin, nuestra entidad ha aprobado una Pol\u00edtica de Protecci\u00f3n de Datos y se llevan a cabo controles y auditor\u00edas anuales para verificar que sus datos personales est\u00e9n seguros en todo momento.<\/p><h3><strong>\u00bfEnviaremos sus datos a otros pa\u00edses?<\/strong><\/h3><p>Hay pa\u00edses en el mundo que son seguros para tus datos y otros que no lo son tanto. Por ejemplo, la Uni\u00f3n Europea es un entorno seguro para tus datos. Nuestra pol\u00edtica es no enviar tu informaci\u00f3n personal a ning\u00fan pa\u00eds que no sea seguro desde el punto de vista de la protecci\u00f3n de datos.<\/p><p>En caso de que, para prestarte el servicio, sea imprescindible enviar tus datos a un pa\u00eds que no sea tan seguro como Espa\u00f1a, siempre te pediremos tu permiso por adelantado y aplicaremos medidas de seguridad eficaces para reducir los riesgos de enviar tu informaci\u00f3n personal a otro pa\u00eds.<\/p><h3><strong>\u00bfDurante cu\u00e1nto tiempo conservaremos sus datos?<\/strong><\/h3><p>Conservaremos sus datos durante toda la duraci\u00f3n de nuestra relaci\u00f3n y durante el tiempo que nos exija la ley. Una vez transcurridos los plazos legales aplicables, procederemos a su eliminaci\u00f3n de forma segura y respetuosa con el medio ambiente.<\/p><h3><strong>\u00bfCu\u00e1les son sus derechos en materia de protecci\u00f3n de datos?<\/strong><\/h3><p>Puede ponerse en contacto con nosotros en cualquier momento para saber qu\u00e9 informaci\u00f3n tenemos sobre usted, corregirla si es incorrecta y eliminarla una vez que nuestra relaci\u00f3n haya finalizado, si esto es legalmente posible.<\/p><p>Tambi\u00e9n tiene derecho a solicitar la transferencia de su informaci\u00f3n a otra entidad. Este derecho se denomina \u201cportabilidad\u201d y puede ser \u00fatil en determinadas situaciones.<\/p><h3><strong>\u00bfDurante cu\u00e1nto tiempo conservaremos sus datos?<\/strong><\/h3><p>Conservaremos sus datos durante toda la duraci\u00f3n de nuestra relaci\u00f3n y durante el tiempo que nos exija la ley. Una vez transcurridos los plazos legales aplicables, procederemos a su eliminaci\u00f3n de forma segura y respetuosa con el medio ambiente.<\/p><h3><strong>\u00bfCu\u00e1les son sus derechos en materia de protecci\u00f3n de datos?<\/strong><\/h3><p>Puede ponerse en contacto con nosotros en cualquier momento para saber qu\u00e9 informaci\u00f3n tenemos sobre usted, corregirla si es incorrecta y eliminarla una vez que nuestra relaci\u00f3n haya finalizado, si esto es legalmente posible.<\/p><p>Tambi\u00e9n tiene derecho a solicitar la transferencia de su informaci\u00f3n a otra entidad. Este derecho se denomina \u201cportabilidad\u201d y puede resultar \u00fatil en determinadas situaciones.<\/p><p>Para ejercer cualquiera de estos derechos, debe enviar una solicitud por escrito a nuestra direcci\u00f3n, junto con una fotocopia de su documento de identidad, para que podamos identificarle.<\/p><p>Disponemos de formularios espec\u00edficos en nuestras oficinas para solicitar estos derechos y ofrecemos nuestra ayuda para cumplimentarlos.<\/p><p>Para obtener m\u00e1s informaci\u00f3n sobre sus derechos en materia de protecci\u00f3n de datos, puede consultar la p\u00e1gina web de la Agencia Espa\u00f1ola de Protecci\u00f3n de Datos (<a href=\"http:\/\/www.agpd.es\/\">www.agpd.es<\/a>).<\/p><h3><strong>\u00bfPuedes retirar tu consentimiento si cambias de opini\u00f3n m\u00e1s adelante?<\/strong><\/h3><p>Puede retirar su consentimiento si cambia de opini\u00f3n sobre el uso de sus datos en cualquier momento.<\/p><p>Por ejemplo, si anteriormente estaba interesado en recibir publicidad sobre nuestros productos o servicios, pero ya no desea recibirla, puede comunic\u00e1rnoslo rellenando el formulario de oposici\u00f3n al tratamiento disponible en nuestras oficinas.<\/p><h3><strong>Si cree que se han vulnerado sus derechos, \u00bfd\u00f3nde puede presentar una reclamaci\u00f3n?<\/strong><\/h3><p>Si considera que nuestra organizaci\u00f3n ha vulnerado sus derechos, puede presentar una reclamaci\u00f3n ante la Agencia Espa\u00f1ola de Protecci\u00f3n de Datos a trav\u00e9s de cualquiera de los siguientes medios:<\/p><ul><li>Sede electr\u00f3nica: www.agpd.es<\/li><li>Direcci\u00f3n postal:<\/li><\/ul><p>Agencia Espa\u00f1ola de Protecci\u00f3n de Datos<br \/>C\/ Jorge Juan, 6<br \/>28001-Madrid<\/p><ul><li>Por tel\u00e9fono:<\/li><\/ul><p>Tel. 901 100 099<\/p><p>Tel. 91 266 35 17<\/p><p>Presentar una reclamaci\u00f3n ante la Agencia Espa\u00f1ola de Protecci\u00f3n de Datos es gratuito y no requiere la asistencia de un abogado o procurador.<\/p><h3><strong>\u00bfCrearemos perfiles sobre usted?<\/strong><\/h3><p>Nuestra pol\u00edtica es no crear perfiles sobre los usuarios de nuestros servicios.<\/p><p>Sin embargo, puede haber situaciones en las que, con fines de prestaci\u00f3n de servicios, comerciales o de otro tipo, necesitemos crear perfiles con informaci\u00f3n sobre usted. Un ejemplo ser\u00eda el uso de su historial de compras o servicios para ofrecerle productos o servicios adaptados a sus gustos o necesidades.<\/p><p>En tales casos, aplicaremos medidas de seguridad eficaces para proteger su informaci\u00f3n en todo momento frente a personas no autorizadas que puedan intentar utilizarla en su propio beneficio.<\/p><h3><strong>\u00bfUtilizaremos sus datos para otros fines?<\/strong><\/h3><p>Nuestra pol\u00edtica es no utilizar sus datos para fines distintos a los que le hemos explicado. No obstante, si necesitamos utilizar sus datos para otras actividades, siempre le pediremos su permiso por adelantado a trav\u00e9s de opciones claras que le permitir\u00e1n decidir al respecto.<\/p>\t\t\t\t\t\t\t\t<\/div>\n\t\t\t\t\t<\/div>\n\t\t\t\t<\/div>\n\t\t\t\t<\/div>","protected":false},"excerpt":{"rendered":"<p>In Europe and Spain, there are data protection regulations designed to protect your personal information, which our organization is required to comply with. Therefore, it is very important to us that you fully understand what we will do with the personal data we request from you. We will be transparent and give you control over &#8230;<\/p>","protected":false},"author":1,"featured_media":0,"parent":0,"menu_order":0,"comment_status":"closed","ping_status":"closed","template":"","meta":{"inline_featured_image":false,"footnotes":""},"class_list":["post-28183","page","type-page","status-publish","hentry"],"yoast_head":"<!-- This site is optimized with the Yoast SEO plugin v27.4 - https:\/\/yoast.com\/product\/yoast-seo-wordpress\/ -->\n<title>Privacy policy - Mojave Place<\/title>\n<meta name=\"robots\" content=\"index, follow, max-snippet:-1, max-image-preview:large, max-video-preview:-1\" \/>\n<link rel=\"canonical\" href=\"https:\/\/www.mojaveplace.com\/es\/privacidad\/\" \/>\n<meta property=\"og:locale\" content=\"es_ES\" \/>\n<meta property=\"og:type\" content=\"article\" \/>\n<meta property=\"og:title\" content=\"Privacy policy - Mojave Place\" \/>\n<meta property=\"og:description\" content=\"In Europe and Spain, there are data protection regulations designed to protect your personal information, which our organization is required to comply with. Therefore, it is very important to us that you fully understand what we will do with the personal data we request from you. We will be transparent and give you control over ...\" \/>\n<meta property=\"og:url\" content=\"https:\/\/www.mojaveplace.com\/es\/privacidad\/\" \/>\n<meta property=\"og:site_name\" content=\"Mojave Place\" \/>\n<meta property=\"article:modified_time\" content=\"2025-12-06T10:35:33+00:00\" \/>\n<meta name=\"twitter:card\" content=\"summary_large_image\" \/>\n<meta name=\"twitter:label1\" content=\"Tiempo de lectura\" \/>\n\t<meta name=\"twitter:data1\" content=\"6 minutos\" \/>\n<script type=\"application\/ld+json\" class=\"yoast-schema-graph\">{\"@context\":\"https:\\\/\\\/schema.org\",\"@graph\":[{\"@type\":\"WebPage\",\"@id\":\"https:\\\/\\\/www.mojaveplace.com\\\/en\\\/privacy\\\/\",\"url\":\"https:\\\/\\\/www.mojaveplace.com\\\/en\\\/privacy\\\/\",\"name\":\"Privacy policy - Mojave Place\",\"isPartOf\":{\"@id\":\"https:\\\/\\\/www.mojaveplace.com\\\/#website\"},\"datePublished\":\"2025-12-06T10:31:45+00:00\",\"dateModified\":\"2025-12-06T10:35:33+00:00\",\"breadcrumb\":{\"@id\":\"https:\\\/\\\/www.mojaveplace.com\\\/en\\\/privacy\\\/#breadcrumb\"},\"inLanguage\":\"es\",\"potentialAction\":[{\"@type\":\"ReadAction\",\"target\":[\"https:\\\/\\\/www.mojaveplace.com\\\/en\\\/privacy\\\/\"]}]},{\"@type\":\"BreadcrumbList\",\"@id\":\"https:\\\/\\\/www.mojaveplace.com\\\/en\\\/privacy\\\/#breadcrumb\",\"itemListElement\":[{\"@type\":\"ListItem\",\"position\":1,\"name\":\"Portada\",\"item\":\"https:\\\/\\\/www.mojaveplace.com\\\/\"},{\"@type\":\"ListItem\",\"position\":2,\"name\":\"Privacy policy\"}]},{\"@type\":\"WebSite\",\"@id\":\"https:\\\/\\\/www.mojaveplace.com\\\/#website\",\"url\":\"https:\\\/\\\/www.mojaveplace.com\\\/\",\"name\":\"Mojave Place\",\"description\":\"Alquileres vacacionales\",\"potentialAction\":[{\"@type\":\"SearchAction\",\"target\":{\"@type\":\"EntryPoint\",\"urlTemplate\":\"https:\\\/\\\/www.mojaveplace.com\\\/?s={search_term_string}\"},\"query-input\":{\"@type\":\"PropertyValueSpecification\",\"valueRequired\":true,\"valueName\":\"search_term_string\"}}],\"inLanguage\":\"es\"}]}<\/script>\n<!-- \/ Yoast SEO plugin. -->","yoast_head_json":{"title":"Pol\u00edtica de privacidad - Mojave Place","robots":{"index":"index","follow":"follow","max-snippet":"max-snippet:-1","max-image-preview":"max-image-preview:large","max-video-preview":"max-video-preview:-1"},"canonical":"https:\/\/www.mojaveplace.com\/es\/privacidad\/","og_locale":"es_ES","og_type":"article","og_title":"Privacy policy - Mojave Place","og_description":"In Europe and Spain, there are data protection regulations designed to protect your personal information, which our organization is required to comply with. Therefore, it is very important to us that you fully understand what we will do with the personal data we request from you. We will be transparent and give you control over ...","og_url":"https:\/\/www.mojaveplace.com\/es\/privacidad\/","og_site_name":"Mojave Place","article_modified_time":"2025-12-06T10:35:33+00:00","twitter_card":"summary_large_image","twitter_misc":{"Tiempo de lectura":"6 minutos"},"schema":{"@context":"https:\/\/schema.org","@graph":[{"@type":"WebPage","@id":"https:\/\/www.mojaveplace.com\/en\/privacy\/","url":"https:\/\/www.mojaveplace.com\/en\/privacy\/","name":"Pol\u00edtica de privacidad - Mojave Place","isPartOf":{"@id":"https:\/\/www.mojaveplace.com\/#website"},"datePublished":"2025-12-06T10:31:45+00:00","dateModified":"2025-12-06T10:35:33+00:00","breadcrumb":{"@id":"https:\/\/www.mojaveplace.com\/en\/privacy\/#breadcrumb"},"inLanguage":"es","potentialAction":[{"@type":"ReadAction","target":["https:\/\/www.mojaveplace.com\/en\/privacy\/"]}]},{"@type":"BreadcrumbList","@id":"https:\/\/www.mojaveplace.com\/en\/privacy\/#breadcrumb","itemListElement":[{"@type":"ListItem","position":1,"name":"Portada","item":"https:\/\/www.mojaveplace.com\/"},{"@type":"ListItem","position":2,"name":"Privacy policy"}]},{"@type":"WebSite","@id":"https:\/\/www.mojaveplace.com\/#website","url":"https:\/\/www.mojaveplace.com\/","name":"Mojave Place","description":"Alquileres vacacionales","potentialAction":[{"@type":"SearchAction","target":{"@type":"EntryPoint","urlTemplate":"https:\/\/www.mojaveplace.com\/?s={search_term_string}"},"query-input":{"@type":"PropertyValueSpecification","valueRequired":true,"valueName":"search_term_string"}}],"inLanguage":"es"}]}},"_links":{"self":[{"href":"https:\/\/www.mojaveplace.com\/es\/wp-json\/wp\/v2\/pages\/28183","targetHints":{"allow":["GET"]}}],"collection":[{"href":"https:\/\/www.mojaveplace.com\/es\/wp-json\/wp\/v2\/pages"}],"about":[{"href":"https:\/\/www.mojaveplace.com\/es\/wp-json\/wp\/v2\/types\/page"}],"author":[{"embeddable":true,"href":"https:\/\/www.mojaveplace.com\/es\/wp-json\/wp\/v2\/users\/1"}],"replies":[{"embeddable":true,"href":"https:\/\/www.mojaveplace.com\/es\/wp-json\/wp\/v2\/comments?post=28183"}],"version-history":[{"count":7,"href":"https:\/\/www.mojaveplace.com\/es\/wp-json\/wp\/v2\/pages\/28183\/revisions"}],"predecessor-version":[{"id":28191,"href":"https:\/\/www.mojaveplace.com\/es\/wp-json\/wp\/v2\/pages\/28183\/revisions\/28191"}],"wp:attachment":[{"href":"https:\/\/www.mojaveplace.com\/es\/wp-json\/wp\/v2\/media?parent=28183"}],"curies":[{"name":"wp","href":"https:\/\/api.w.org\/{rel}","templated":true}]}}