{"id":356,"date":"2015-04-23T12:57:21","date_gmt":"2015-04-23T12:57:21","guid":{"rendered":"http:\/\/demo1.wprentals.org\/?page_id=356"},"modified":"2015-04-23T12:57:21","modified_gmt":"2015-04-23T12:57:21","slug":"terminos-y-condiciones","status":"publish","type":"page","link":"https:\/\/www.mojaveplace.com\/es\/terminos-y-condiciones\/","title":{"rendered":"T\u00e9rminos y condiciones"},"content":{"rendered":"<p>La presente Pol\u00edtica de privacidad rige la forma en que Real Estate WordPress Theme recopila, utiliza, mantiene y divulga la informaci\u00f3n recopilada de los usuarios (cada uno de ellos, un \u201cUsuario\u201d) del sitio web http:\/\/wprentals.org\/ (el \u201cSitio\u201d). Esta pol\u00edtica de privacidad se aplica al Sitio y a todos los productos y servicios ofrecidos por Real Estate WordPress Theme.<\/p>\n<p><b>Informaci\u00f3n de identificaci\u00f3n personal<\/b><\/p>\n<p>Podemos recopilar informaci\u00f3n de identificaci\u00f3n personal de los usuarios de diversas formas en relaci\u00f3n con las actividades, servicios, funciones o recursos que ponemos a disposici\u00f3n en nuestro sitio web. Los usuarios pueden visitar nuestro sitio web de forma an\u00f3nima. Solo recopilaremos informaci\u00f3n de identificaci\u00f3n personal de los usuarios si estos nos la env\u00edan de forma voluntaria. Los usuarios siempre pueden negarse a proporcionar informaci\u00f3n de identificaci\u00f3n personal, salvo que ello les impida participar en determinadas actividades relacionadas con el sitio web.<\/p>\n<p><b>Informaci\u00f3n de identificaci\u00f3n no personal<\/b><\/p>\n<p>Podemos recopilar informaci\u00f3n de identificaci\u00f3n no personal sobre los usuarios cada vez que interact\u00faan con nuestro sitio web. La informaci\u00f3n de identificaci\u00f3n no personal puede incluir el nombre del navegador, el tipo de ordenador e informaci\u00f3n t\u00e9cnica sobre los medios de conexi\u00f3n de los usuarios a nuestro sitio web, como el sistema operativo y los proveedores de servicios de Internet utilizados, as\u00ed como otra informaci\u00f3n similar.<\/p>\n<p><b>Cookies del navegador web<\/b><\/p>\n<p>Nuestro Sitio puede utilizar \u201ccookies\u201d para mejorar la experiencia del Usuario. El navegador web del Usuario coloca cookies en su disco duro con fines de registro y, en ocasiones, para rastrear informaci\u00f3n sobre \u00e9l. El Usuario puede optar por configurar su navegador web para que rechace las cookies o para que le avise cuando se env\u00eden cookies. Si lo hace, tenga en cuenta que algunas partes del Sitio pueden no funcionar correctamente.<\/p>\n<p><b>C\u00f3mo protegemos su informaci\u00f3n<\/b><\/p>\n<p>Adoptamos pr\u00e1cticas adecuadas de recopilaci\u00f3n, almacenamiento y procesamiento de datos, as\u00ed como medidas de seguridad para proteger contra el acceso no autorizado, la alteraci\u00f3n, la divulgaci\u00f3n o la destrucci\u00f3n de su informaci\u00f3n personal, nombre de usuario, contrase\u00f1a, informaci\u00f3n de transacciones y datos almacenados en nuestro Sitio.<\/p>\n<p><b>Compartir su informaci\u00f3n personal<\/b><\/p>\n<p>No vendemos, intercambiamos ni alquilamos la informaci\u00f3n de identificaci\u00f3n personal de los usuarios a terceros. Podemos compartir informaci\u00f3n demogr\u00e1fica gen\u00e9rica agregada, no vinculada a ninguna informaci\u00f3n de identificaci\u00f3n personal relativa a los visitantes y usuarios, con nuestros socios comerciales, afiliados de confianza y anunciantes para los fines descritos anteriormente.<\/p>\n<p><b>Cambios en esta pol\u00edtica de privacidad<\/b><\/p>\n<p>Real Estate WordPress Theme se reserva el derecho de actualizar esta pol\u00edtica de privacidad en cualquier momento. Cuando lo hagamos, revisaremos la fecha de actualizaci\u00f3n al final de esta p\u00e1gina. Recomendamos a los usuarios que consulten con frecuencia esta p\u00e1gina para estar informados de cualquier cambio y saber c\u00f3mo ayudamos a proteger la informaci\u00f3n personal que recopilamos. Usted reconoce y acepta que es su responsabilidad revisar peri\u00f3dicamente esta pol\u00edtica de privacidad y estar al tanto de las modificaciones.<\/p>\n<p><b>Su aceptaci\u00f3n de estos t\u00e9rminos<\/b><\/p>\n<p>Al utilizar este Sitio, usted manifiesta su aceptaci\u00f3n de esta pol\u00edtica. Si no est\u00e1 de acuerdo con esta pol\u00edtica, le rogamos que no utilice nuestro Sitio. El uso continuado del Sitio tras la publicaci\u00f3n de los cambios en esta pol\u00edtica se considerar\u00e1 como su aceptaci\u00f3n de dichos cambios.<\/p>","protected":false},"excerpt":{"rendered":"<p>La presente Pol\u00edtica de Privacidad regula la forma en que Real Estate WordPress Theme recopila, utiliza, mantiene y divulga la informaci\u00f3n recogida de los usuarios (cada uno, un \u201cUsuario\u201d) del sitio web http:\/\/wprentals.org\/ (\u201cSitio\u201d). Esta pol\u00edtica de privacidad se aplica al Sitio y a todos los productos y servicios ofrecidos por Real Estate WordPress Theme. Informaci\u00f3n de identificaci\u00f3n personal Podemos recopilar informaci\u00f3n de identificaci\u00f3n personal de ...<\/p>","protected":false},"author":1,"featured_media":0,"parent":0,"menu_order":0,"comment_status":"open","ping_status":"open","template":"terms_conditions.php","meta":{"inline_featured_image":false,"footnotes":""},"class_list":["post-356","page","type-page","status-publish","hentry"],"yoast_head":"<!-- This site is optimized with the Yoast SEO plugin v27.4 - https:\/\/yoast.com\/product\/yoast-seo-wordpress\/ -->\n<title>Terms and Conditions - Mojave Place<\/title>\n<meta name=\"robots\" content=\"index, follow, max-snippet:-1, max-image-preview:large, max-video-preview:-1\" \/>\n<link rel=\"canonical\" href=\"https:\/\/www.mojaveplace.com\/es\/terminos-y-condiciones\/\" \/>\n<meta property=\"og:locale\" content=\"es_ES\" \/>\n<meta property=\"og:type\" content=\"article\" \/>\n<meta property=\"og:title\" content=\"Terms and Conditions - Mojave Place\" \/>\n<meta property=\"og:description\" content=\"This Privacy Policy governs the manner in which Real Estate WordPress Theme collects, uses, maintains and discloses information collected from users (each, a \u201cUser\u201d) of the\u00a0http:\/\/wprentals.org\/\u00a0website (\u201cSite\u201d). This privacy policy applies to the Site and all products and services offered by Real Estate WordPress Theme. Personal identification information We may collect personal identification information from ...\" \/>\n<meta property=\"og:url\" content=\"https:\/\/www.mojaveplace.com\/es\/terminos-y-condiciones\/\" \/>\n<meta property=\"og:site_name\" content=\"Mojave Place\" \/>\n<meta name=\"twitter:card\" content=\"summary_large_image\" \/>\n<meta name=\"twitter:label1\" content=\"Tiempo de lectura\" \/>\n\t<meta name=\"twitter:data1\" content=\"2 minutos\" \/>\n<script type=\"application\/ld+json\" class=\"yoast-schema-graph\">{\"@context\":\"https:\\\/\\\/schema.org\",\"@graph\":[{\"@type\":\"WebPage\",\"@id\":\"https:\\\/\\\/www.mojaveplace.com\\\/terms-and-conditions\\\/\",\"url\":\"https:\\\/\\\/www.mojaveplace.com\\\/terms-and-conditions\\\/\",\"name\":\"Terms and Conditions - Mojave Place\",\"isPartOf\":{\"@id\":\"https:\\\/\\\/www.mojaveplace.com\\\/#website\"},\"datePublished\":\"2015-04-23T12:57:21+00:00\",\"breadcrumb\":{\"@id\":\"https:\\\/\\\/www.mojaveplace.com\\\/terms-and-conditions\\\/#breadcrumb\"},\"inLanguage\":\"es\",\"potentialAction\":[{\"@type\":\"ReadAction\",\"target\":[\"https:\\\/\\\/www.mojaveplace.com\\\/terms-and-conditions\\\/\"]}]},{\"@type\":\"BreadcrumbList\",\"@id\":\"https:\\\/\\\/www.mojaveplace.com\\\/terms-and-conditions\\\/#breadcrumb\",\"itemListElement\":[{\"@type\":\"ListItem\",\"position\":1,\"name\":\"Portada\",\"item\":\"https:\\\/\\\/www.mojaveplace.com\\\/\"},{\"@type\":\"ListItem\",\"position\":2,\"name\":\"Terms and Conditions\"}]},{\"@type\":\"WebSite\",\"@id\":\"https:\\\/\\\/www.mojaveplace.com\\\/#website\",\"url\":\"https:\\\/\\\/www.mojaveplace.com\\\/\",\"name\":\"Mojave Place\",\"description\":\"Alquileres vacacionales\",\"potentialAction\":[{\"@type\":\"SearchAction\",\"target\":{\"@type\":\"EntryPoint\",\"urlTemplate\":\"https:\\\/\\\/www.mojaveplace.com\\\/?s={search_term_string}\"},\"query-input\":{\"@type\":\"PropertyValueSpecification\",\"valueRequired\":true,\"valueName\":\"search_term_string\"}}],\"inLanguage\":\"es\"}]}<\/script>\n<!-- \/ Yoast SEO plugin. -->","yoast_head_json":{"title":"T\u00e9rminos y condiciones - Mojave Place","robots":{"index":"index","follow":"follow","max-snippet":"max-snippet:-1","max-image-preview":"max-image-preview:large","max-video-preview":"max-video-preview:-1"},"canonical":"https:\/\/www.mojaveplace.com\/es\/terminos-y-condiciones\/","og_locale":"es_ES","og_type":"article","og_title":"Terms and Conditions - Mojave Place","og_description":"This Privacy Policy governs the manner in which Real Estate WordPress Theme collects, uses, maintains and discloses information collected from users (each, a \u201cUser\u201d) of the\u00a0http:\/\/wprentals.org\/\u00a0website (\u201cSite\u201d). This privacy policy applies to the Site and all products and services offered by Real Estate WordPress Theme. Personal identification information We may collect personal identification information from ...","og_url":"https:\/\/www.mojaveplace.com\/es\/terminos-y-condiciones\/","og_site_name":"Mojave Place","twitter_card":"summary_large_image","twitter_misc":{"Tiempo de lectura":"2 minutos"},"schema":{"@context":"https:\/\/schema.org","@graph":[{"@type":"WebPage","@id":"https:\/\/www.mojaveplace.com\/terms-and-conditions\/","url":"https:\/\/www.mojaveplace.com\/terms-and-conditions\/","name":"T\u00e9rminos y condiciones - Mojave Place","isPartOf":{"@id":"https:\/\/www.mojaveplace.com\/#website"},"datePublished":"2015-04-23T12:57:21+00:00","breadcrumb":{"@id":"https:\/\/www.mojaveplace.com\/terms-and-conditions\/#breadcrumb"},"inLanguage":"es","potentialAction":[{"@type":"ReadAction","target":["https:\/\/www.mojaveplace.com\/terms-and-conditions\/"]}]},{"@type":"BreadcrumbList","@id":"https:\/\/www.mojaveplace.com\/terms-and-conditions\/#breadcrumb","itemListElement":[{"@type":"ListItem","position":1,"name":"Portada","item":"https:\/\/www.mojaveplace.com\/"},{"@type":"ListItem","position":2,"name":"Terms and Conditions"}]},{"@type":"WebSite","@id":"https:\/\/www.mojaveplace.com\/#website","url":"https:\/\/www.mojaveplace.com\/","name":"Mojave Place","description":"Alquileres vacacionales","potentialAction":[{"@type":"SearchAction","target":{"@type":"EntryPoint","urlTemplate":"https:\/\/www.mojaveplace.com\/?s={search_term_string}"},"query-input":{"@type":"PropertyValueSpecification","valueRequired":true,"valueName":"search_term_string"}}],"inLanguage":"es"}]}},"_links":{"self":[{"href":"https:\/\/www.mojaveplace.com\/es\/wp-json\/wp\/v2\/pages\/356","targetHints":{"allow":["GET"]}}],"collection":[{"href":"https:\/\/www.mojaveplace.com\/es\/wp-json\/wp\/v2\/pages"}],"about":[{"href":"https:\/\/www.mojaveplace.com\/es\/wp-json\/wp\/v2\/types\/page"}],"author":[{"embeddable":true,"href":"https:\/\/www.mojaveplace.com\/es\/wp-json\/wp\/v2\/users\/1"}],"replies":[{"embeddable":true,"href":"https:\/\/www.mojaveplace.com\/es\/wp-json\/wp\/v2\/comments?post=356"}],"version-history":[{"count":0,"href":"https:\/\/www.mojaveplace.com\/es\/wp-json\/wp\/v2\/pages\/356\/revisions"}],"wp:attachment":[{"href":"https:\/\/www.mojaveplace.com\/es\/wp-json\/wp\/v2\/media?parent=356"}],"curies":[{"name":"wp","href":"https:\/\/api.w.org\/{rel}","templated":true}]}}